
{"id":8894,"date":"2023-01-19T12:56:15","date_gmt":"2023-01-19T11:56:15","guid":{"rendered":"https:\/\/supercykelstier.dk\/koncept\/?page_id=8894"},"modified":"2023-04-24T13:35:35","modified_gmt":"2023-04-24T11:35:35","slug":"design-og-anlaeg-saerlige-afsnit","status":"publish","type":"page","link":"https:\/\/supercykelstier.dk\/koncept\/design-og-anlaeg-saerlige-afsnit\/","title":{"rendered":"Design og anl\u00e6g &#8211; s\u00e6rlige afsnit"},"content":{"rendered":"<div class=\"wp-block-cover alignfull\" style=\"min-height:50vh;aspect-ratio:unset;\"><span aria-hidden=\"true\" class=\"wp-block-cover__background has-dark-blue-background-color has-background-dim-70 has-background-dim\"><\/span><img loading=\"lazy\" decoding=\"async\" width=\"1701\" height=\"1135\" class=\"wp-block-cover__image-background wp-image-3551\" alt=\"\" src=\"https:\/\/supercykelstier.dk\/koncept\/wp-content\/uploads\/2020\/03\/C728462.jpg\" style=\"object-position:49% 70%\" data-object-fit=\"cover\" data-object-position=\"49% 70%\" srcset=\"https:\/\/supercykelstier.dk\/koncept\/wp-content\/uploads\/sites\/4\/2020\/03\/C728462.jpg 1701w, https:\/\/supercykelstier.dk\/koncept\/wp-content\/uploads\/sites\/4\/2020\/03\/C728462-1230x821.jpg 1230w, https:\/\/supercykelstier.dk\/koncept\/wp-content\/uploads\/sites\/4\/2020\/03\/C728462-768x512.jpg 768w, https:\/\/supercykelstier.dk\/koncept\/wp-content\/uploads\/sites\/4\/2020\/03\/C728462-1600x1068.jpg 1600w, https:\/\/supercykelstier.dk\/koncept\/wp-content\/uploads\/sites\/4\/2020\/03\/C728462-1536x1025.jpg 1536w, https:\/\/supercykelstier.dk\/koncept\/wp-content\/uploads\/sites\/4\/2020\/03\/C728462-712x475.jpg 712w, https:\/\/supercykelstier.dk\/koncept\/wp-content\/uploads\/sites\/4\/2020\/03\/C728462-488x326.jpg 488w, https:\/\/supercykelstier.dk\/koncept\/wp-content\/uploads\/sites\/4\/2020\/03\/C728462-1111x742.jpg 1111w\" sizes=\"auto, (max-width: 1701px) 100vw, 1701px\" \/><div class=\"wp-block-cover__inner-container is-layout-flow wp-block-cover-is-layout-flow\">\n<div class=\"wp-block-group is-layout-constrained wp-block-group-is-layout-constrained\" style=\"padding-bottom:80px\">\n<h1 class=\"wp-block-heading alignwide has-text-align-center has-white-color has-text-color has-huger-font-size\" id=\"Design-og-anl\u00e6g-s\u00e6rlige-afsnit\">Design og anl\u00e6g &#8211; s\u00e6rlige afsnit <\/h1>\n\n\n\n<p class=\"has-text-align-center has-white-color has-text-color\" style=\"font-size:clamp(22.041px, 1.378rem + ((1vw - 3.2px) * 1.534), 36px);font-style:normal;font-weight:600\"><\/p>\n<\/div>\n<\/div><\/div>\n\n\n\n<div class=\"wp-block-group total-data is-layout-constrained wp-container-core-group-is-layout-bb73dc85 wp-block-group-is-layout-constrained\" style=\"border-top-left-radius:20px;border-top-right-radius:20px;border-bottom-left-radius:0px;border-bottom-right-radius:0px\">\n<p>I nogle situationer kan det v\u00e6re udfordrende at anvende anbefalinger til design og anl\u00e6g af supercykelstier. Det kan for eksempel v\u00e6re hvis der ikke er lovgivning p\u00e5 omr\u00e5det, hvis det er et upr\u00f8vet felt inden for cykelplanl\u00e6gning eller hvis det er tilf\u00f8jelser til supercykelstien som kan v\u00e6re med til at h\u00f8jne niveauet. <\/p>\n\n\n\n<p>Her finder du derfor overvejelser og anbefalinger til, hvordan man kan arbejde med supercykelstier i s\u00e6rlige situationer. <\/p>\n<\/div>\n\n\n\n<div class=\"wp-block-group alignfull hyperink-cards has-background-green-light-background-color has-background is-layout-constrained wp-container-core-group-is-layout-69b1f585 wp-block-group-is-layout-constrained\" style=\"padding-top:5vh;padding-right:2vw;padding-bottom:5vw;padding-left:2vw\">\n<h5 class=\"wp-block-heading has-text-align-center has-bigger-font-size\" style=\"margin-top:0;margin-right:0;margin-bottom:0;margin-left:0\">Hvad vil du gerne l\u00e6se mere om?<\/h5>\n\n\n\n<div style=\"height:15px\" aria-hidden=\"true\" class=\"wp-block-spacer\"><\/div>\n\n\n\n<div class=\"wp-block-group alignwide is-layout-constrained wp-container-core-group-is-layout-1765d339 wp-block-group-is-layout-constrained\" style=\"padding-top:var(--wp--preset--spacing--30);padding-right:var(--wp--preset--spacing--30);padding-bottom:var(--wp--preset--spacing--30);padding-left:var(--wp--preset--spacing--30)\">\n<div class=\"wp-block-group alignwide is-layout-constrained wp-block-group-is-layout-constrained\">\n<div class=\"wp-block-group alignwide is-layout-constrained wp-block-group-is-layout-constrained\">\n<div class=\"wp-block-group alignwide is-layout-constrained wp-block-group-is-layout-constrained\">\n<div class=\"wp-block-group alignwide is-layout-constrained wp-block-group-is-layout-constrained\">\n<div class=\"wp-block-buttons alignwide is-content-justification-center is-layout-flex wp-container-core-buttons-is-layout-a89b3969 wp-block-buttons-is-layout-flex\">\n<div class=\"wp-block-button has-custom-font-size has-medium-font-size\"><a class=\"wp-block-button__link wp-element-button\" href=\"https:\/\/supercykelstier.dk\/koncept\/design-og-anlaeg-saerlige-afsnit-kopi\/supercykelstier-gennem-hovedgader-og-handelsstroeg\/\">Supercykelstier gennem hovedgader og handelsstr\u00f8g <\/a><\/div>\n<\/div>\n<\/div>\n<\/div>\n<\/div>\n\n\n\n<div class=\"wp-block-buttons is-content-justification-center is-layout-flex wp-container-core-buttons-is-layout-a89b3969 wp-block-buttons-is-layout-flex\">\n<div class=\"wp-block-button has-custom-font-size has-medium-font-size\"><a class=\"wp-block-button__link wp-element-button\" href=\"https:\/\/supercykelstier.dk\/koncept\/design-og-anlaeg-saerlige-afsnit\/cykelgader-paa-supercykelstier\/\">Cykelgader p\u00e5 supercykelstier<\/a><\/div>\n<\/div>\n<\/div>\n\n\n\n<div class=\"wp-block-buttons is-content-justification-center is-layout-flex wp-container-core-buttons-is-layout-a89b3969 wp-block-buttons-is-layout-flex\">\n<div class=\"wp-block-button has-custom-font-size has-medium-font-size\"><a class=\"wp-block-button__link wp-element-button\" href=\"https:\/\/supercykelstier.dk\/koncept\/design-og-anlaeg-saerlige-afsnit\/supercykelstiers-opkobling-til-kollektiv-transportknudepunkter\/\">Supercykelstiers opkobling til kollektive transportknudepunkter<\/a><\/div>\n<\/div>\n\n\n\n<div class=\"wp-block-buttons is-content-justification-center is-layout-flex wp-container-core-buttons-is-layout-a89b3969 wp-block-buttons-is-layout-flex\">\n<div class=\"wp-block-button has-custom-font-size has-medium-font-size\"><a class=\"wp-block-button__link wp-element-button\" href=\"https:\/\/supercykelstier.dk\/koncept\/design-og-anlaeg-saerlige-afsnit\/begroening-paa-supercykelstier\/\">Begr\u00f8nning p\u00e5 supercykelstier<\/a><\/div>\n<\/div>\n\n\n\n<div class=\"wp-block-buttons is-content-justification-center is-layout-flex wp-container-core-buttons-is-layout-a89b3969 wp-block-buttons-is-layout-flex\">\n<div class=\"wp-block-button has-custom-font-size has-medium-font-size\"><a class=\"wp-block-button__link wp-element-button\" href=\"https:\/\/supercykelstier.dk\/koncept\/design-og-anlaeg-saerlige-afsnit\/klimatilpasning-paa-supercykelstier\/\">Klimatilpasning p\u00e5 supercykelstier<\/a><\/div>\n<\/div>\n<\/div>\n<\/div>\n\n\n\n<div style=\"height:100px\" aria-hidden=\"true\" class=\"wp-block-spacer\"><\/div>","protected":false},"excerpt":{"rendered":"<p>I nogle situationer kan det v\u00e6re udfordrende at anvende anbefalinger til design og anl\u00e6g af supercykelstier. Det kan for eksempel v\u00e6re hvis der ikke er lovgivning p\u00e5 omr\u00e5det, hvis det er et upr\u00f8vet felt inden for cykelplanl\u00e6gning eller hvis det er tilf\u00f8jelser til supercykelstien som kan v\u00e6re med til at h\u00f8jne niveauet. Her finder du [&hellip;]<\/p>","protected":false},"author":52,"featured_media":0,"parent":0,"menu_order":0,"comment_status":"closed","ping_status":"closed","template":"skjul-titel","meta":{"_acf_changed":false,"_relevanssi_hide_post":"","_relevanssi_hide_content":"","_relevanssi_pin_for_all":"","_relevanssi_pin_keywords":"","_relevanssi_unpin_keywords":"","_relevanssi_related_keywords":"","_relevanssi_related_include_ids":"","_relevanssi_related_exclude_ids":"","_relevanssi_related_no_append":"","_relevanssi_related_not_related":"","_relevanssi_related_posts":"2350,4276,1397,2926,4256,1546","_relevanssi_noindex_reason":"","_eb_attr":"","editor_notices":[],"footnotes":""},"class_list":["post-8894","page","type-page","status-publish","hentry"],"acf":[],"yoast_head":"<!-- This site is optimized with the Yoast SEO plugin v27.3 - https:\/\/yoast.com\/product\/yoast-seo-wordpress\/ -->\n<title>Design og anl\u00e6g - s\u00e6rlige afsnit - Koncept for Supercykelstier<\/title>\n<meta name=\"robots\" content=\"index, follow, max-snippet:-1, max-image-preview:large, max-video-preview:-1\" \/>\n<link rel=\"canonical\" href=\"https:\/\/supercykelstier.dk\/koncept\/design-og-anlaeg-saerlige-afsnit\/\" \/>\n<meta property=\"og:locale\" content=\"da_DK\" \/>\n<meta property=\"og:type\" content=\"article\" \/>\n<meta property=\"og:title\" content=\"Design og anl\u00e6g - s\u00e6rlige afsnit - Koncept for Supercykelstier\" \/>\n<meta property=\"og:description\" content=\"I nogle situationer kan det v\u00e6re udfordrende at anvende anbefalinger til design og anl\u00e6g af supercykelstier. Det kan for eksempel v\u00e6re hvis der ikke er lovgivning p\u00e5 omr\u00e5det, hvis det er et upr\u00f8vet felt inden for cykelplanl\u00e6gning eller hvis det er tilf\u00f8jelser til supercykelstien som kan v\u00e6re med til at h\u00f8jne niveauet. Her finder du [&hellip;]\" \/>\n<meta property=\"og:url\" content=\"https:\/\/supercykelstier.dk\/koncept\/design-og-anlaeg-saerlige-afsnit\/\" \/>\n<meta property=\"og:site_name\" content=\"Koncept for Supercykelstier\" \/>\n<meta property=\"article:modified_time\" content=\"2023-04-24T11:35:35+00:00\" \/>\n<meta property=\"og:image\" content=\"https:\/\/supercykelstier.dk\/koncept\/wp-content\/uploads\/2020\/03\/C728462.jpg\" \/>\n<meta name=\"twitter:card\" content=\"summary_large_image\" \/>\n<meta name=\"twitter:label1\" content=\"Estimeret l\u00e6setid\" \/>\n\t<meta name=\"twitter:data1\" content=\"1 minut\" \/>\n<script type=\"application\/ld+json\" class=\"yoast-schema-graph\">{\"@context\":\"https:\\\/\\\/schema.org\",\"@graph\":[{\"@type\":\"WebPage\",\"@id\":\"https:\\\/\\\/supercykelstier.dk\\\/koncept\\\/design-og-anlaeg-saerlige-afsnit\\\/\",\"url\":\"https:\\\/\\\/supercykelstier.dk\\\/koncept\\\/design-og-anlaeg-saerlige-afsnit\\\/\",\"name\":\"Design og anl\u00e6g - s\u00e6rlige afsnit - Koncept for Supercykelstier\",\"isPartOf\":{\"@id\":\"https:\\\/\\\/supercykelstier.dk\\\/koncept\\\/#website\"},\"primaryImageOfPage\":{\"@id\":\"https:\\\/\\\/supercykelstier.dk\\\/koncept\\\/design-og-anlaeg-saerlige-afsnit\\\/#primaryimage\"},\"image\":{\"@id\":\"https:\\\/\\\/supercykelstier.dk\\\/koncept\\\/design-og-anlaeg-saerlige-afsnit\\\/#primaryimage\"},\"thumbnailUrl\":\"https:\\\/\\\/supercykelstier.dk\\\/koncept\\\/wp-content\\\/uploads\\\/2020\\\/03\\\/C728462.jpg\",\"datePublished\":\"2023-01-19T11:56:15+00:00\",\"dateModified\":\"2023-04-24T11:35:35+00:00\",\"breadcrumb\":{\"@id\":\"https:\\\/\\\/supercykelstier.dk\\\/koncept\\\/design-og-anlaeg-saerlige-afsnit\\\/#breadcrumb\"},\"inLanguage\":\"da-DK\",\"potentialAction\":[{\"@type\":\"ReadAction\",\"target\":[\"https:\\\/\\\/supercykelstier.dk\\\/koncept\\\/design-og-anlaeg-saerlige-afsnit\\\/\"]}]},{\"@type\":\"ImageObject\",\"inLanguage\":\"da-DK\",\"@id\":\"https:\\\/\\\/supercykelstier.dk\\\/koncept\\\/design-og-anlaeg-saerlige-afsnit\\\/#primaryimage\",\"url\":\"https:\\\/\\\/supercykelstier.dk\\\/koncept\\\/wp-content\\\/uploads\\\/sites\\\/4\\\/2020\\\/03\\\/C728462.jpg\",\"contentUrl\":\"https:\\\/\\\/supercykelstier.dk\\\/koncept\\\/wp-content\\\/uploads\\\/sites\\\/4\\\/2020\\\/03\\\/C728462.jpg\",\"width\":1701,\"height\":1135},{\"@type\":\"BreadcrumbList\",\"@id\":\"https:\\\/\\\/supercykelstier.dk\\\/koncept\\\/design-og-anlaeg-saerlige-afsnit\\\/#breadcrumb\",\"itemListElement\":[{\"@type\":\"ListItem\",\"position\":1,\"name\":\"Hjem\",\"item\":\"https:\\\/\\\/supercykelstier.dk\\\/koncept\\\/\"},{\"@type\":\"ListItem\",\"position\":2,\"name\":\"Design og anl\u00e6g &#8211; s\u00e6rlige afsnit\"}]},{\"@type\":\"WebSite\",\"@id\":\"https:\\\/\\\/supercykelstier.dk\\\/koncept\\\/#website\",\"url\":\"https:\\\/\\\/supercykelstier.dk\\\/koncept\\\/\",\"name\":\"Koncept for Supercykelstier\",\"description\":\"\",\"publisher\":{\"@id\":\"https:\\\/\\\/supercykelstier.dk\\\/koncept\\\/#organization\"},\"potentialAction\":[{\"@type\":\"SearchAction\",\"target\":{\"@type\":\"EntryPoint\",\"urlTemplate\":\"https:\\\/\\\/supercykelstier.dk\\\/koncept\\\/?s={search_term_string}\"},\"query-input\":{\"@type\":\"PropertyValueSpecification\",\"valueRequired\":true,\"valueName\":\"search_term_string\"}}],\"inLanguage\":\"da-DK\"},{\"@type\":\"Organization\",\"@id\":\"https:\\\/\\\/supercykelstier.dk\\\/koncept\\\/#organization\",\"name\":\"Koncept for Supercykelstier\",\"url\":\"https:\\\/\\\/supercykelstier.dk\\\/koncept\\\/\",\"logo\":{\"@type\":\"ImageObject\",\"inLanguage\":\"da-DK\",\"@id\":\"https:\\\/\\\/supercykelstier.dk\\\/koncept\\\/#\\\/schema\\\/logo\\\/image\\\/\",\"url\":\"https:\\\/\\\/supercykelstier.dk\\\/koncept\\\/wp-content\\\/uploads\\\/sites\\\/4\\\/2022\\\/01\\\/super-cykelstier-logo.svg\",\"contentUrl\":\"https:\\\/\\\/supercykelstier.dk\\\/koncept\\\/wp-content\\\/uploads\\\/sites\\\/4\\\/2022\\\/01\\\/super-cykelstier-logo.svg\",\"caption\":\"Koncept for Supercykelstier\"},\"image\":{\"@id\":\"https:\\\/\\\/supercykelstier.dk\\\/koncept\\\/#\\\/schema\\\/logo\\\/image\\\/\"}}]}<\/script>\n<!-- \/ Yoast SEO plugin. -->","yoast_head_json":{"title":"Design og anl\u00e6g - s\u00e6rlige afsnit - Koncept for Supercykelstier","robots":{"index":"index","follow":"follow","max-snippet":"max-snippet:-1","max-image-preview":"max-image-preview:large","max-video-preview":"max-video-preview:-1"},"canonical":"https:\/\/supercykelstier.dk\/koncept\/design-og-anlaeg-saerlige-afsnit\/","og_locale":"da_DK","og_type":"article","og_title":"Design og anl\u00e6g - s\u00e6rlige afsnit - Koncept for Supercykelstier","og_description":"I nogle situationer kan det v\u00e6re udfordrende at anvende anbefalinger til design og anl\u00e6g af supercykelstier. Det kan for eksempel v\u00e6re hvis der ikke er lovgivning p\u00e5 omr\u00e5det, hvis det er et upr\u00f8vet felt inden for cykelplanl\u00e6gning eller hvis det er tilf\u00f8jelser til supercykelstien som kan v\u00e6re med til at h\u00f8jne niveauet. Her finder du [&hellip;]","og_url":"https:\/\/supercykelstier.dk\/koncept\/design-og-anlaeg-saerlige-afsnit\/","og_site_name":"Koncept for Supercykelstier","article_modified_time":"2023-04-24T11:35:35+00:00","og_image":[{"url":"https:\/\/supercykelstier.dk\/koncept\/wp-content\/uploads\/2020\/03\/C728462.jpg","type":"","width":"","height":""}],"twitter_card":"summary_large_image","twitter_misc":{"Estimeret l\u00e6setid":"1 minut"},"schema":{"@context":"https:\/\/schema.org","@graph":[{"@type":"WebPage","@id":"https:\/\/supercykelstier.dk\/koncept\/design-og-anlaeg-saerlige-afsnit\/","url":"https:\/\/supercykelstier.dk\/koncept\/design-og-anlaeg-saerlige-afsnit\/","name":"Design og anl\u00e6g - s\u00e6rlige afsnit - Koncept for Supercykelstier","isPartOf":{"@id":"https:\/\/supercykelstier.dk\/koncept\/#website"},"primaryImageOfPage":{"@id":"https:\/\/supercykelstier.dk\/koncept\/design-og-anlaeg-saerlige-afsnit\/#primaryimage"},"image":{"@id":"https:\/\/supercykelstier.dk\/koncept\/design-og-anlaeg-saerlige-afsnit\/#primaryimage"},"thumbnailUrl":"https:\/\/supercykelstier.dk\/koncept\/wp-content\/uploads\/2020\/03\/C728462.jpg","datePublished":"2023-01-19T11:56:15+00:00","dateModified":"2023-04-24T11:35:35+00:00","breadcrumb":{"@id":"https:\/\/supercykelstier.dk\/koncept\/design-og-anlaeg-saerlige-afsnit\/#breadcrumb"},"inLanguage":"da-DK","potentialAction":[{"@type":"ReadAction","target":["https:\/\/supercykelstier.dk\/koncept\/design-og-anlaeg-saerlige-afsnit\/"]}]},{"@type":"ImageObject","inLanguage":"da-DK","@id":"https:\/\/supercykelstier.dk\/koncept\/design-og-anlaeg-saerlige-afsnit\/#primaryimage","url":"https:\/\/supercykelstier.dk\/koncept\/wp-content\/uploads\/sites\/4\/2020\/03\/C728462.jpg","contentUrl":"https:\/\/supercykelstier.dk\/koncept\/wp-content\/uploads\/sites\/4\/2020\/03\/C728462.jpg","width":1701,"height":1135},{"@type":"BreadcrumbList","@id":"https:\/\/supercykelstier.dk\/koncept\/design-og-anlaeg-saerlige-afsnit\/#breadcrumb","itemListElement":[{"@type":"ListItem","position":1,"name":"Hjem","item":"https:\/\/supercykelstier.dk\/koncept\/"},{"@type":"ListItem","position":2,"name":"Design og anl\u00e6g &#8211; s\u00e6rlige afsnit"}]},{"@type":"WebSite","@id":"https:\/\/supercykelstier.dk\/koncept\/#website","url":"https:\/\/supercykelstier.dk\/koncept\/","name":"Koncept for Supercykelstier","description":"","publisher":{"@id":"https:\/\/supercykelstier.dk\/koncept\/#organization"},"potentialAction":[{"@type":"SearchAction","target":{"@type":"EntryPoint","urlTemplate":"https:\/\/supercykelstier.dk\/koncept\/?s={search_term_string}"},"query-input":{"@type":"PropertyValueSpecification","valueRequired":true,"valueName":"search_term_string"}}],"inLanguage":"da-DK"},{"@type":"Organization","@id":"https:\/\/supercykelstier.dk\/koncept\/#organization","name":"Koncept for Supercykelstier","url":"https:\/\/supercykelstier.dk\/koncept\/","logo":{"@type":"ImageObject","inLanguage":"da-DK","@id":"https:\/\/supercykelstier.dk\/koncept\/#\/schema\/logo\/image\/","url":"https:\/\/supercykelstier.dk\/koncept\/wp-content\/uploads\/sites\/4\/2022\/01\/super-cykelstier-logo.svg","contentUrl":"https:\/\/supercykelstier.dk\/koncept\/wp-content\/uploads\/sites\/4\/2022\/01\/super-cykelstier-logo.svg","caption":"Koncept for Supercykelstier"},"image":{"@id":"https:\/\/supercykelstier.dk\/koncept\/#\/schema\/logo\/image\/"}}]}},"_links":{"self":[{"href":"https:\/\/supercykelstier.dk\/koncept\/wp-json\/wp\/v2\/pages\/8894","targetHints":{"allow":["GET"]}}],"collection":[{"href":"https:\/\/supercykelstier.dk\/koncept\/wp-json\/wp\/v2\/pages"}],"about":[{"href":"https:\/\/supercykelstier.dk\/koncept\/wp-json\/wp\/v2\/types\/page"}],"author":[{"embeddable":true,"href":"https:\/\/supercykelstier.dk\/koncept\/wp-json\/wp\/v2\/users\/52"}],"replies":[{"embeddable":true,"href":"https:\/\/supercykelstier.dk\/koncept\/wp-json\/wp\/v2\/comments?post=8894"}],"version-history":[{"count":0,"href":"https:\/\/supercykelstier.dk\/koncept\/wp-json\/wp\/v2\/pages\/8894\/revisions"}],"wp:attachment":[{"href":"https:\/\/supercykelstier.dk\/koncept\/wp-json\/wp\/v2\/media?parent=8894"}],"curies":[{"name":"wp","href":"https:\/\/api.w.org\/{rel}","templated":true}]}}