
{"id":8210,"date":"2022-10-17T13:35:18","date_gmt":"2022-10-17T11:35:18","guid":{"rendered":"https:\/\/supercykelstier.dk\/koncept\/?page_id=8210"},"modified":"2024-08-14T16:10:16","modified_gmt":"2024-08-14T14:10:16","slug":"effektmaaling","status":"publish","type":"page","link":"https:\/\/supercykelstier.dk\/koncept\/effektmaaling\/","title":{"rendered":"Effektm\u00e5ling"},"content":{"rendered":"<div class=\"wp-block-cover alignfull\" style=\"min-height:50vh;aspect-ratio:unset;\"><span aria-hidden=\"true\" class=\"wp-block-cover__background has-dark-blue-background-color has-background-dim-70 has-background-dim\"><\/span><img loading=\"lazy\" decoding=\"async\" width=\"1701\" height=\"1135\" class=\"wp-block-cover__image-background wp-image-3551\" alt=\"\" src=\"https:\/\/supercykelstier.dk\/koncept\/wp-content\/uploads\/2020\/03\/C728462.jpg\" style=\"object-position:49% 70%\" data-object-fit=\"cover\" data-object-position=\"49% 70%\" srcset=\"https:\/\/supercykelstier.dk\/koncept\/wp-content\/uploads\/sites\/4\/2020\/03\/C728462.jpg 1701w, https:\/\/supercykelstier.dk\/koncept\/wp-content\/uploads\/sites\/4\/2020\/03\/C728462-1230x821.jpg 1230w, https:\/\/supercykelstier.dk\/koncept\/wp-content\/uploads\/sites\/4\/2020\/03\/C728462-768x512.jpg 768w, https:\/\/supercykelstier.dk\/koncept\/wp-content\/uploads\/sites\/4\/2020\/03\/C728462-1600x1068.jpg 1600w, https:\/\/supercykelstier.dk\/koncept\/wp-content\/uploads\/sites\/4\/2020\/03\/C728462-1536x1025.jpg 1536w, https:\/\/supercykelstier.dk\/koncept\/wp-content\/uploads\/sites\/4\/2020\/03\/C728462-712x475.jpg 712w, https:\/\/supercykelstier.dk\/koncept\/wp-content\/uploads\/sites\/4\/2020\/03\/C728462-488x326.jpg 488w, https:\/\/supercykelstier.dk\/koncept\/wp-content\/uploads\/sites\/4\/2020\/03\/C728462-1111x742.jpg 1111w\" sizes=\"auto, (max-width: 1701px) 100vw, 1701px\" \/><div class=\"wp-block-cover__inner-container is-layout-flow wp-block-cover-is-layout-flow\">\n<div class=\"wp-block-group is-layout-constrained wp-block-group-is-layout-constrained\" style=\"padding-bottom:80px\">\n<h1 class=\"wp-block-heading alignwide has-text-align-center has-white-color has-text-color has-huger-font-size\" id=\"Planl\u00e6gning-kopi\">Effektm\u00e5ling<\/h1>\n\n\n\n<p class=\"has-text-align-center has-white-color has-text-color\" style=\"font-size:clamp(22.041px, 1.378rem + ((1vw - 3.2px) * 1.534), 36px);font-style:normal;font-weight:600\"><\/p>\n<\/div>\n<\/div><\/div>\n\n\n\n<div class=\"wp-block-group total-data is-layout-constrained wp-container-core-group-is-layout-642a8ca5 wp-block-group-is-layout-constrained\" style=\"border-top-left-radius:20px;border-top-right-radius:20px;border-bottom-left-radius:0px;border-bottom-right-radius:0px\">\n<p>I Supercykelstisamarbejdet i hovedstadsregionen er effektm\u00e5linger og evalueringer vigtige indsatser. M\u00e5linger og evalueringer er afg\u00f8rende for at kunne dokumentere effekt og vurdere kvalitet, forbedringsmuligheder og potentialer ved supercykelstier. <\/p>\n\n\n\n<p>Effektm\u00e5lingerne bliver typisk udf\u00f8rt i forbindelse med evalueringer af ruter og andre udviklingstiltag. Derudover monitorerer samarbejdet ogs\u00e5 l\u00f8bende supercykelstierne. De data, der bliver genereret ved m\u00e5linger og evalueringer, er med til at skabe datagrundlaget for Supercykelstisamarbejdets n\u00f8gletal. <\/p>\n<\/div>\n\n\n\n<div class=\"wp-block-group alignfull has-background-beige-background-color has-background has-tiny-font-size is-layout-constrained wp-container-core-group-is-layout-724a3f3e wp-block-group-is-layout-constrained\" style=\"padding-top:5vh;padding-right:4vw;padding-bottom:0vw;padding-left:4vw\">\n<div class=\"wp-block-group accordion is-layout-flow wp-block-group-is-layout-flow\" style=\"padding-bottom:var(--wp--preset--spacing--60)\">\n<h3 class=\"wp-block-heading\">N\u00f8gletal for Supercykelstisamarbejdet i hovedstadsregionen<\/h3>\n\n\n\n<p class=\"has-text-align-left has-normal-font-size\">Supercykelstisamarbejdet i hovedstadsregionen har m\u00e5lt, evalueret og indsamlet data om effekten af supercykelstierne siden 2010. <\/p>\n\n\n\n<div class=\"wp-block-buttons is-layout-flex wp-block-buttons-is-layout-flex\">\n<div class=\"wp-block-button\"><a class=\"wp-block-button__link wp-element-button\" href=\"https:\/\/supercykelstier.dk\/om-supercykelstier\/n\u00f8gletal\">Find Supercykelstisamarbejdets aktuelle n\u00f8gletal<\/a><\/div>\n<\/div>\n\n\n\n<div style=\"height:33px\" aria-hidden=\"true\" class=\"wp-block-spacer\"><\/div>\n\n\n\n<p class=\"has-normal-font-size\">Datas\u00e6ttene kan dog i sig selv ikke dokumentere og formidle effekterne. En god formidling af resultaterne kr\u00e6ver nogle f\u00e5, gode n\u00f8gletal, som b\u00e5de kan give en nemt forst\u00e5elig, relevant og fyldestg\u00f8rende viden om supercykelstierne.<\/p>\n\n\n\n<div class=\"wp-block-buttons is-layout-flex wp-block-buttons-is-layout-flex\">\n<div class=\"wp-block-button\"><a class=\"wp-block-button__link wp-element-button\" href=\"https:\/\/supercykelstier.dk\/koncept\/kommunikation\/noegletal-og-resultatkommunikation\/\">L\u00e6s mere om n\u00f8gletalskommunikation<\/a><\/div>\n<\/div>\n\n\n\n<div style=\"height:33px\" aria-hidden=\"true\" class=\"wp-block-spacer\"><\/div>\n\n\n<a     class=\"wp-block-tiptip-hyperlink-group-block\" >\n<h3 class=\"wp-block-heading\">Supercykelstisamarbejdets data<\/h3>\n<\/a>\n\n\n<p class=\"has-text-align-left has-normal-font-size\">S\u00e5 vidt det er muligt, er Supercykelstisamarbejdets data frit tilg\u00e6ngeligt for alle. Mange af de bagvedliggende data og resultater kan hentes gennem samarbejdets ruteevaluerings- og vidensrapporter p\u00e5 <a href=\"https:\/\/supercykelstier.dk\/dokumenter\/\">supercykelstiernes hjemmeside<\/a> eller via R<a href=\"https:\/\/app.powerbi.com\/view?r=eyJrIjoiYTg4YTYxZDMtOTIzNS00NWIxLTliNTItZjY0ZWU0NzkzMGUyIiwidCI6IjU4YWYzZWJhLTUxMGUtNDU0NC04Y2ZkLTg1ZjVlMDIwNjM4MiIsImMiOjh9\">egion Hovedstadens digitale cykelregnskab<\/a> , hvor udvalgte n\u00f8gletal bliver samlet og pr\u00e6senteret i Region Hovedstadens online cykelregnskab.<\/p>\n<\/div>\n<\/div>\n\n\n\n<div style=\"height:33px\" aria-hidden=\"true\" class=\"wp-block-spacer\"><\/div>\n\n\n\n<h3 class=\"wp-block-heading alignwide has-text-align-center has-large-font-size\" id=\"cykelregnskab\">Region Hovedstadens online cykelregnskab<\/h3>\n\n\n\n<p>Udvalgte n\u00f8gletal for Supercykelstisamarbejdet i hovedstadsregionen bliver samlet og pr\u00e6senteret i Region Hovedstadens online cykelregnskab, som opdateres \u00e5rligt.<\/p>\n\n\n\n<div class=\"ms-rtestate-read ms-rte-wpbox\"><div class=\"ms-rtestate-notify  ms-rtestate-read 9b628c9c-3942-492f-8f26-768f2785288a\" id=\"div_9b628c9c-3942-492f-8f26-768f2785288a\" unselectable=\"on\"><div id=\"MSOZoneCell_WebPartctl00_ctl55_g_9b628c9c_3942_492f_8f26_768f2785288a\" class=\"s4-wpcell-plain ms-webpartzone-cell ms-webpart-cell-vertical-inline-table ms-webpart-cell-vertical ms-fullWidth \">\n\t<div class=\"ms-webpart-chrome ms-webpart-chrome-vertical ms-webpart-chrome-fullWidth \">\n\t<div webpartid=\"a2a40d38-48ed-4461-b708-141c5d1371ef\" webpartid2=\"9b628c9c-3942-492f-8f26-768f2785288a\" haspers=\"false\" id=\"WebPartctl00_ctl55_g_9b628c9c_3942_492f_8f26_768f2785288a\" width=\"100%\" class=\"ms-WPBody \" allowremove=\"false\" allowdelete=\"false\" allowexport=\"false\" style=\"\"><div id=\"ctl00_ctl55_g_9b628c9c_3942_492f_8f26_768f2785288a\">\n\t\t<div class=\"ms-rte-embedcode ms-rte-embedwp\"><iframe loading=\"lazy\" title=\"RH Cykelregnskab 1.3 - Forside\" width=\"880\" height=\"555\" src=\"https:\/\/app.powerbi.com\/view?r=eyJrIjoiYTg4YTYxZDMtOTIzNS00NWIxLTliNTItZjY0ZWU0NzkzMGUyIiwidCI6IjU4YWYzZWJhLTUxMGUtNDU0NC04Y2ZkLTg1ZjVlMDIwNjM4MiIsImMiOjh9\" frameborder=\"0\" allowfullscreen=\"true\"><\/iframe>&nbsp;<\/div>\n\t<\/div><div class=\"ms-clear\"><\/div><\/div>\n<\/div>\n<\/div><\/div><div id=\"vid_9b628c9c-3942-492f-8f26-768f2785288a\" unselectable=\"on\" style=\"display:none;\"><\/div><\/div>\n\n\n\n<div style=\"height:39px\" aria-hidden=\"true\" class=\"wp-block-spacer\"><\/div>\n\n\n\n<div style=\"height:30px\" aria-hidden=\"true\" class=\"wp-block-spacer\"><\/div>\n\n\n\n<div class=\"wp-block-group alignfull hyperink-cards has-background-green-light-background-color has-background is-layout-constrained wp-container-core-group-is-layout-69b1f585 wp-block-group-is-layout-constrained\" style=\"padding-top:5vh;padding-right:2vw;padding-bottom:5vw;padding-left:2vw\">\n<h2 class=\"wp-block-heading has-text-align-center has-bigger-font-size\" style=\"margin-top:0;margin-right:0;margin-bottom:0;margin-left:0\">Hvad vil du gerne l\u00e6se mere om?<\/h2>\n\n\n\n<div style=\"height:22px\" aria-hidden=\"true\" class=\"wp-block-spacer\"><\/div>\n\n\n\n<div class=\"wp-block-buttons alignwide is-vertical is-content-justification-center is-layout-flex wp-container-core-buttons-is-layout-734eb2c2 wp-block-buttons-is-layout-flex\">\n<div class=\"wp-block-button has-custom-font-size has-medium-font-size\"><a class=\"wp-block-button__link wp-element-button\" href=\"https:\/\/supercykelstier.dk\/koncept\/effektmaaling\/ruteevalueringer\/\">Ruteevalueringer <\/a><\/div>\n\n\n\n<div class=\"wp-block-button has-custom-font-size has-medium-font-size\"><a class=\"wp-block-button__link wp-element-button\" href=\"https:\/\/supercykelstier.dk\/koncept\/effektmaaling\/loebende-monitorering-af-supercykelstierne\/\">L\u00f8bende monitorering af supercykelstierne <\/a><\/div>\n\n\n\n<div class=\"wp-block-button has-custom-font-size has-medium-font-size\"><a class=\"wp-block-button__link wp-element-button\" href=\"https:\/\/supercykelstier.dk\/koncept\/effektmaaling\/ovrige-evalueringer\/\">\u00d8vrige evalueringer<\/a><\/div>\n<\/div>\n<\/div>\n\n\n\n<p><\/p>","protected":false},"excerpt":{"rendered":"<p>I Supercykelstisamarbejdet i hovedstadsregionen er effektm\u00e5linger og evalueringer vigtige indsatser. M\u00e5linger og evalueringer er afg\u00f8rende for at kunne dokumentere effekt og vurdere kvalitet, forbedringsmuligheder og potentialer ved supercykelstier. Effektm\u00e5lingerne bliver typisk udf\u00f8rt i forbindelse med evalueringer af ruter og andre udviklingstiltag. Derudover monitorerer samarbejdet ogs\u00e5 l\u00f8bende supercykelstierne. De data, der bliver genereret ved m\u00e5linger og [&hellip;]<\/p>","protected":false},"author":53,"featured_media":0,"parent":0,"menu_order":0,"comment_status":"closed","ping_status":"closed","template":"skjul-titel","meta":{"_acf_changed":false,"_relevanssi_hide_post":"","_relevanssi_hide_content":"","_relevanssi_pin_for_all":"","_relevanssi_pin_keywords":"","_relevanssi_unpin_keywords":"","_relevanssi_related_keywords":"","_relevanssi_related_include_ids":"","_relevanssi_related_exclude_ids":"","_relevanssi_related_no_append":"","_relevanssi_related_not_related":"","_relevanssi_related_posts":"804,3201,3676,3217,1,2994","_relevanssi_noindex_reason":"","_eb_attr":"","editor_notices":[],"footnotes":""},"class_list":["post-8210","page","type-page","status-publish","hentry"],"acf":[],"yoast_head":"<!-- This site is optimized with the Yoast SEO plugin v27.3 - https:\/\/yoast.com\/product\/yoast-seo-wordpress\/ -->\n<title>Effektm\u00e5ling - Koncept for Supercykelstier<\/title>\n<meta name=\"robots\" content=\"index, follow, max-snippet:-1, max-image-preview:large, max-video-preview:-1\" \/>\n<link rel=\"canonical\" href=\"https:\/\/supercykelstier.dk\/koncept\/effektmaaling\/\" \/>\n<meta property=\"og:locale\" content=\"da_DK\" \/>\n<meta property=\"og:type\" content=\"article\" \/>\n<meta property=\"og:title\" content=\"Effektm\u00e5ling - Koncept for Supercykelstier\" \/>\n<meta property=\"og:description\" content=\"I Supercykelstisamarbejdet i hovedstadsregionen er effektm\u00e5linger og evalueringer vigtige indsatser. M\u00e5linger og evalueringer er afg\u00f8rende for at kunne dokumentere effekt og vurdere kvalitet, forbedringsmuligheder og potentialer ved supercykelstier. Effektm\u00e5lingerne bliver typisk udf\u00f8rt i forbindelse med evalueringer af ruter og andre udviklingstiltag. Derudover monitorerer samarbejdet ogs\u00e5 l\u00f8bende supercykelstierne. De data, der bliver genereret ved m\u00e5linger og [&hellip;]\" \/>\n<meta property=\"og:url\" content=\"https:\/\/supercykelstier.dk\/koncept\/effektmaaling\/\" \/>\n<meta property=\"og:site_name\" content=\"Koncept for Supercykelstier\" \/>\n<meta property=\"article:modified_time\" content=\"2024-08-14T14:10:16+00:00\" \/>\n<meta property=\"og:image\" content=\"https:\/\/supercykelstier.dk\/koncept\/wp-content\/uploads\/2020\/03\/C728462.jpg\" \/>\n<meta name=\"twitter:card\" content=\"summary_large_image\" \/>\n<meta name=\"twitter:label1\" content=\"Estimeret l\u00e6setid\" \/>\n\t<meta name=\"twitter:data1\" content=\"2 minutter\" \/>\n<script type=\"application\/ld+json\" class=\"yoast-schema-graph\">{\"@context\":\"https:\\\/\\\/schema.org\",\"@graph\":[{\"@type\":\"WebPage\",\"@id\":\"https:\\\/\\\/supercykelstier.dk\\\/koncept\\\/effektmaaling\\\/\",\"url\":\"https:\\\/\\\/supercykelstier.dk\\\/koncept\\\/effektmaaling\\\/\",\"name\":\"Effektm\u00e5ling - Koncept for Supercykelstier\",\"isPartOf\":{\"@id\":\"https:\\\/\\\/supercykelstier.dk\\\/koncept\\\/#website\"},\"primaryImageOfPage\":{\"@id\":\"https:\\\/\\\/supercykelstier.dk\\\/koncept\\\/effektmaaling\\\/#primaryimage\"},\"image\":{\"@id\":\"https:\\\/\\\/supercykelstier.dk\\\/koncept\\\/effektmaaling\\\/#primaryimage\"},\"thumbnailUrl\":\"https:\\\/\\\/supercykelstier.dk\\\/koncept\\\/wp-content\\\/uploads\\\/2020\\\/03\\\/C728462.jpg\",\"datePublished\":\"2022-10-17T11:35:18+00:00\",\"dateModified\":\"2024-08-14T14:10:16+00:00\",\"breadcrumb\":{\"@id\":\"https:\\\/\\\/supercykelstier.dk\\\/koncept\\\/effektmaaling\\\/#breadcrumb\"},\"inLanguage\":\"da-DK\",\"potentialAction\":[{\"@type\":\"ReadAction\",\"target\":[\"https:\\\/\\\/supercykelstier.dk\\\/koncept\\\/effektmaaling\\\/\"]}]},{\"@type\":\"ImageObject\",\"inLanguage\":\"da-DK\",\"@id\":\"https:\\\/\\\/supercykelstier.dk\\\/koncept\\\/effektmaaling\\\/#primaryimage\",\"url\":\"https:\\\/\\\/supercykelstier.dk\\\/koncept\\\/wp-content\\\/uploads\\\/sites\\\/4\\\/2020\\\/03\\\/C728462.jpg\",\"contentUrl\":\"https:\\\/\\\/supercykelstier.dk\\\/koncept\\\/wp-content\\\/uploads\\\/sites\\\/4\\\/2020\\\/03\\\/C728462.jpg\",\"width\":1701,\"height\":1135},{\"@type\":\"BreadcrumbList\",\"@id\":\"https:\\\/\\\/supercykelstier.dk\\\/koncept\\\/effektmaaling\\\/#breadcrumb\",\"itemListElement\":[{\"@type\":\"ListItem\",\"position\":1,\"name\":\"Hjem\",\"item\":\"https:\\\/\\\/supercykelstier.dk\\\/koncept\\\/\"},{\"@type\":\"ListItem\",\"position\":2,\"name\":\"Effektm\u00e5ling\"}]},{\"@type\":\"WebSite\",\"@id\":\"https:\\\/\\\/supercykelstier.dk\\\/koncept\\\/#website\",\"url\":\"https:\\\/\\\/supercykelstier.dk\\\/koncept\\\/\",\"name\":\"Koncept for Supercykelstier\",\"description\":\"\",\"publisher\":{\"@id\":\"https:\\\/\\\/supercykelstier.dk\\\/koncept\\\/#organization\"},\"potentialAction\":[{\"@type\":\"SearchAction\",\"target\":{\"@type\":\"EntryPoint\",\"urlTemplate\":\"https:\\\/\\\/supercykelstier.dk\\\/koncept\\\/?s={search_term_string}\"},\"query-input\":{\"@type\":\"PropertyValueSpecification\",\"valueRequired\":true,\"valueName\":\"search_term_string\"}}],\"inLanguage\":\"da-DK\"},{\"@type\":\"Organization\",\"@id\":\"https:\\\/\\\/supercykelstier.dk\\\/koncept\\\/#organization\",\"name\":\"Koncept for Supercykelstier\",\"url\":\"https:\\\/\\\/supercykelstier.dk\\\/koncept\\\/\",\"logo\":{\"@type\":\"ImageObject\",\"inLanguage\":\"da-DK\",\"@id\":\"https:\\\/\\\/supercykelstier.dk\\\/koncept\\\/#\\\/schema\\\/logo\\\/image\\\/\",\"url\":\"https:\\\/\\\/supercykelstier.dk\\\/koncept\\\/wp-content\\\/uploads\\\/sites\\\/4\\\/2022\\\/01\\\/super-cykelstier-logo.svg\",\"contentUrl\":\"https:\\\/\\\/supercykelstier.dk\\\/koncept\\\/wp-content\\\/uploads\\\/sites\\\/4\\\/2022\\\/01\\\/super-cykelstier-logo.svg\",\"caption\":\"Koncept for Supercykelstier\"},\"image\":{\"@id\":\"https:\\\/\\\/supercykelstier.dk\\\/koncept\\\/#\\\/schema\\\/logo\\\/image\\\/\"}}]}<\/script>\n<!-- \/ Yoast SEO plugin. -->","yoast_head_json":{"title":"Effektm\u00e5ling - Koncept for Supercykelstier","robots":{"index":"index","follow":"follow","max-snippet":"max-snippet:-1","max-image-preview":"max-image-preview:large","max-video-preview":"max-video-preview:-1"},"canonical":"https:\/\/supercykelstier.dk\/koncept\/effektmaaling\/","og_locale":"da_DK","og_type":"article","og_title":"Effektm\u00e5ling - Koncept for Supercykelstier","og_description":"I Supercykelstisamarbejdet i hovedstadsregionen er effektm\u00e5linger og evalueringer vigtige indsatser. M\u00e5linger og evalueringer er afg\u00f8rende for at kunne dokumentere effekt og vurdere kvalitet, forbedringsmuligheder og potentialer ved supercykelstier. Effektm\u00e5lingerne bliver typisk udf\u00f8rt i forbindelse med evalueringer af ruter og andre udviklingstiltag. Derudover monitorerer samarbejdet ogs\u00e5 l\u00f8bende supercykelstierne. De data, der bliver genereret ved m\u00e5linger og [&hellip;]","og_url":"https:\/\/supercykelstier.dk\/koncept\/effektmaaling\/","og_site_name":"Koncept for Supercykelstier","article_modified_time":"2024-08-14T14:10:16+00:00","og_image":[{"url":"https:\/\/supercykelstier.dk\/koncept\/wp-content\/uploads\/2020\/03\/C728462.jpg","type":"","width":"","height":""}],"twitter_card":"summary_large_image","twitter_misc":{"Estimeret l\u00e6setid":"2 minutter"},"schema":{"@context":"https:\/\/schema.org","@graph":[{"@type":"WebPage","@id":"https:\/\/supercykelstier.dk\/koncept\/effektmaaling\/","url":"https:\/\/supercykelstier.dk\/koncept\/effektmaaling\/","name":"Effektm\u00e5ling - Koncept for Supercykelstier","isPartOf":{"@id":"https:\/\/supercykelstier.dk\/koncept\/#website"},"primaryImageOfPage":{"@id":"https:\/\/supercykelstier.dk\/koncept\/effektmaaling\/#primaryimage"},"image":{"@id":"https:\/\/supercykelstier.dk\/koncept\/effektmaaling\/#primaryimage"},"thumbnailUrl":"https:\/\/supercykelstier.dk\/koncept\/wp-content\/uploads\/2020\/03\/C728462.jpg","datePublished":"2022-10-17T11:35:18+00:00","dateModified":"2024-08-14T14:10:16+00:00","breadcrumb":{"@id":"https:\/\/supercykelstier.dk\/koncept\/effektmaaling\/#breadcrumb"},"inLanguage":"da-DK","potentialAction":[{"@type":"ReadAction","target":["https:\/\/supercykelstier.dk\/koncept\/effektmaaling\/"]}]},{"@type":"ImageObject","inLanguage":"da-DK","@id":"https:\/\/supercykelstier.dk\/koncept\/effektmaaling\/#primaryimage","url":"https:\/\/supercykelstier.dk\/koncept\/wp-content\/uploads\/sites\/4\/2020\/03\/C728462.jpg","contentUrl":"https:\/\/supercykelstier.dk\/koncept\/wp-content\/uploads\/sites\/4\/2020\/03\/C728462.jpg","width":1701,"height":1135},{"@type":"BreadcrumbList","@id":"https:\/\/supercykelstier.dk\/koncept\/effektmaaling\/#breadcrumb","itemListElement":[{"@type":"ListItem","position":1,"name":"Hjem","item":"https:\/\/supercykelstier.dk\/koncept\/"},{"@type":"ListItem","position":2,"name":"Effektm\u00e5ling"}]},{"@type":"WebSite","@id":"https:\/\/supercykelstier.dk\/koncept\/#website","url":"https:\/\/supercykelstier.dk\/koncept\/","name":"Koncept for Supercykelstier","description":"","publisher":{"@id":"https:\/\/supercykelstier.dk\/koncept\/#organization"},"potentialAction":[{"@type":"SearchAction","target":{"@type":"EntryPoint","urlTemplate":"https:\/\/supercykelstier.dk\/koncept\/?s={search_term_string}"},"query-input":{"@type":"PropertyValueSpecification","valueRequired":true,"valueName":"search_term_string"}}],"inLanguage":"da-DK"},{"@type":"Organization","@id":"https:\/\/supercykelstier.dk\/koncept\/#organization","name":"Koncept for Supercykelstier","url":"https:\/\/supercykelstier.dk\/koncept\/","logo":{"@type":"ImageObject","inLanguage":"da-DK","@id":"https:\/\/supercykelstier.dk\/koncept\/#\/schema\/logo\/image\/","url":"https:\/\/supercykelstier.dk\/koncept\/wp-content\/uploads\/sites\/4\/2022\/01\/super-cykelstier-logo.svg","contentUrl":"https:\/\/supercykelstier.dk\/koncept\/wp-content\/uploads\/sites\/4\/2022\/01\/super-cykelstier-logo.svg","caption":"Koncept for Supercykelstier"},"image":{"@id":"https:\/\/supercykelstier.dk\/koncept\/#\/schema\/logo\/image\/"}}]}},"_links":{"self":[{"href":"https:\/\/supercykelstier.dk\/koncept\/wp-json\/wp\/v2\/pages\/8210","targetHints":{"allow":["GET"]}}],"collection":[{"href":"https:\/\/supercykelstier.dk\/koncept\/wp-json\/wp\/v2\/pages"}],"about":[{"href":"https:\/\/supercykelstier.dk\/koncept\/wp-json\/wp\/v2\/types\/page"}],"author":[{"embeddable":true,"href":"https:\/\/supercykelstier.dk\/koncept\/wp-json\/wp\/v2\/users\/53"}],"replies":[{"embeddable":true,"href":"https:\/\/supercykelstier.dk\/koncept\/wp-json\/wp\/v2\/comments?post=8210"}],"version-history":[{"count":0,"href":"https:\/\/supercykelstier.dk\/koncept\/wp-json\/wp\/v2\/pages\/8210\/revisions"}],"wp:attachment":[{"href":"https:\/\/supercykelstier.dk\/koncept\/wp-json\/wp\/v2\/media?parent=8210"}],"curies":[{"name":"wp","href":"https:\/\/api.w.org\/{rel}","templated":true}]}}