
{"id":8181,"date":"2022-10-17T10:23:25","date_gmt":"2022-10-17T08:23:25","guid":{"rendered":"https:\/\/supercykelstier.dk\/koncept\/?page_id=8181"},"modified":"2025-08-19T10:17:18","modified_gmt":"2025-08-19T08:17:18","slug":"kommunikation","status":"publish","type":"page","link":"https:\/\/supercykelstier.dk\/koncept\/kommunikation\/","title":{"rendered":"Kommunikation"},"content":{"rendered":"<div class=\"wp-block-cover alignfull\" style=\"min-height:50vh;aspect-ratio:unset;\"><img loading=\"lazy\" decoding=\"async\" width=\"1701\" height=\"1135\" class=\"wp-block-cover__image-background wp-image-3551\" alt=\"\" src=\"https:\/\/supercykelstier.dk\/koncept\/wp-content\/uploads\/2020\/03\/C728462.jpg\" style=\"object-position:49% 70%\" data-object-fit=\"cover\" data-object-position=\"49% 70%\" srcset=\"https:\/\/supercykelstier.dk\/koncept\/wp-content\/uploads\/sites\/4\/2020\/03\/C728462.jpg 1701w, https:\/\/supercykelstier.dk\/koncept\/wp-content\/uploads\/sites\/4\/2020\/03\/C728462-1230x821.jpg 1230w, https:\/\/supercykelstier.dk\/koncept\/wp-content\/uploads\/sites\/4\/2020\/03\/C728462-768x512.jpg 768w, https:\/\/supercykelstier.dk\/koncept\/wp-content\/uploads\/sites\/4\/2020\/03\/C728462-1600x1068.jpg 1600w, https:\/\/supercykelstier.dk\/koncept\/wp-content\/uploads\/sites\/4\/2020\/03\/C728462-1536x1025.jpg 1536w, https:\/\/supercykelstier.dk\/koncept\/wp-content\/uploads\/sites\/4\/2020\/03\/C728462-712x475.jpg 712w, https:\/\/supercykelstier.dk\/koncept\/wp-content\/uploads\/sites\/4\/2020\/03\/C728462-488x326.jpg 488w, https:\/\/supercykelstier.dk\/koncept\/wp-content\/uploads\/sites\/4\/2020\/03\/C728462-1111x742.jpg 1111w\" sizes=\"auto, (max-width: 1701px) 100vw, 1701px\" \/><span aria-hidden=\"true\" class=\"wp-block-cover__background has-dark-blue-background-color has-background-dim-70 has-background-dim\"><\/span><div class=\"wp-block-cover__inner-container is-layout-flow wp-block-cover-is-layout-flow\">\n<div class=\"wp-block-group is-layout-constrained wp-block-group-is-layout-constrained\" style=\"padding-bottom:80px\">\n<h1 class=\"wp-block-heading alignwide has-text-align-center has-white-color has-text-color has-huger-font-size\" id=\"Planl\u00e6gning-kopi\">Kommunikation <\/h1>\n\n\n\n<p class=\"has-text-align-center has-white-color has-text-color\" style=\"font-size:clamp(22.041px, 1.378rem + ((1vw - 3.2px) * 1.534), 36px);font-style:normal;font-weight:600\"><\/p>\n<\/div>\n<\/div><\/div>\n\n\n\n<div class=\"wp-block-group total-data is-layout-constrained wp-container-core-group-is-layout-bb73dc85 wp-block-group-is-layout-constrained\" style=\"border-top-left-radius:20px;border-top-right-radius:20px;border-bottom-left-radius:0px;border-bottom-right-radius:0px\"><\/div>\n\n\n\n<p><em>Supercykelstier<\/em> vinder stadigt st\u00f8rre indpas i den nationale transportdagsorden, mens kendskabet til supercykelstierne vokser i den brede befolknings bevidsthed. Derfor bliver det fortsat vigtigere, at supercykelstier kommunikeres nogenlunde ens, uanset hvor i landet de etableres.<\/p>\n\n\n\n<p>Med supercykelstierne som det tredje ben i den regionale transportplanl\u00e6gning er det samtidig vigtigt, at kommunikationen om supercykelstier fortsat er funderet i solide data og ensartet effektdokumentation. Dataindsamling og effektdokumentationen er derfor afg\u00f8rende for kommunikationen om supercykelstierne, uanset om man allerede har supercykelstier, skal til eller er ved at anl\u00e6gge supercykelstier eller er f\u00e6rdig med alle planlagte supercykelstier.<\/p>\n\n\n\n<p>Kommunikationen om supercykelstierne samt ruternes n\u00f8gletal og resultater kan blandt andet underst\u00f8tte:<\/p>\n\n\n\n<div class=\"wp-block-group alignfull has-background-green-lighter-background-color has-background is-layout-constrained wp-block-group-is-layout-constrained\">\n<ul style=\"padding-top:var(--wp--preset--spacing--70);padding-right:var(--wp--preset--spacing--70);padding-bottom:var(--wp--preset--spacing--70);padding-left:var(--wp--preset--spacing--60)\" class=\"wp-block-list has-small-font-size\">\n<li><strong>Fort\u00e6llingen om supercykelstier og effekterne af infrastrukturen<\/strong><br>I udbredelsen af kendskabet til supercykelstierne, f.eks. gennem historier i pressen, p\u00e5 kommunale hjemmesider eller i publikationer, er veldokumenterede resultater afg\u00f8rende. S\u00e6rligt i presse\u00f8jemed er tal og effekter interessant og solid tilbagevendende data essentiel. <\/li>\n\n\n\n<li><strong>Vidensdeling, erfaringsudveksling og samarbejder p\u00e5 tv\u00e6rs<br><\/strong>I vidensdelingen og erfaringsudvekslingen med f.eks. andre kommuner, supercykelstisamarbejder, cykelplanl\u00e6ggere eller cykelforskere m.m. er resultater og effekter typisk meget efterspurgte.&nbsp;<\/li>\n\n\n\n<li><strong>Den politiske forankring b\u00e5de lokalt, regionalt og nationalt<\/strong><br>Hvis tv\u00e6rkommunale, regionale supercykelstier skal prioriteres politisk i de enkelte kommuner og i regionerne gennem st\u00f8tte til supercykelstisamarbejder, skal politikerne kunne dokumentere effekten af de kommunale investeringer i ruterne og de regionale investeringer i supercykelstisamarbejder. Samtidig er det nationalpolitisk vigtigt at have data, der underst\u00f8tter effekten af supercykelstier som infrastrukturkategori i perspektiv til de andre regionale infrastrukturtilbud.<\/li>\n<\/ul>\n<\/div>\n\n\n\n<div style=\"height:4px\" aria-hidden=\"true\" class=\"wp-block-spacer\"><\/div>\n\n\n\n<p>Supercykelstier g\u00f8r det lettere for flere at tage cyklen p\u00e5 hele eller dele af pendlerrejsen. Men selve anl\u00e6ggelsen af en supercykelsti sikrer ikke n\u00f8dvendigvis kendskab og forst\u00e5else for ruten og konceptet. Derfor er en god og klar kommunikation n\u00f8dvendig &#8211; b\u00e5de p\u00e5 ruten, om ruten og om supercykelstierne generelt. <\/p>\n\n\n\n<p>I det f\u00f8lgende pr\u00e6senteres kommunikationsindsatserne i en supercykelstis livscyklus med fokus p\u00e5 anl\u00e6gskommunikation, events og kampagner, n\u00f8gletal og resultatkommunikation og presse. <\/p>\n\n\n\n<div style=\"height:18px\" aria-hidden=\"true\" class=\"wp-block-spacer\"><\/div>\n\n\n\n<div class=\"wp-block-group alignfull hyperink-cards has-background-green-light-background-color has-background is-layout-constrained wp-container-core-group-is-layout-69b1f585 wp-block-group-is-layout-constrained\" style=\"padding-top:5vh;padding-right:2vw;padding-bottom:5vw;padding-left:2vw\">\n<h5 class=\"wp-block-heading has-text-align-center has-bigger-font-size\" style=\"margin-top:0;margin-right:0;margin-bottom:0;margin-left:0\">Hvad vil du gerne l\u00e6se mere om?<\/h5>\n\n\n\n<div style=\"height:15px\" aria-hidden=\"true\" class=\"wp-block-spacer\"><\/div>\n\n\n\n<div class=\"wp-block-group alignwide is-layout-constrained wp-container-core-group-is-layout-1765d339 wp-block-group-is-layout-constrained\" style=\"padding-top:var(--wp--preset--spacing--30);padding-right:var(--wp--preset--spacing--30);padding-bottom:var(--wp--preset--spacing--30);padding-left:var(--wp--preset--spacing--30)\">\n<div class=\"wp-block-group alignwide is-layout-constrained wp-block-group-is-layout-constrained\">\n<div class=\"wp-block-group alignwide is-layout-constrained wp-block-group-is-layout-constrained\">\n<div class=\"wp-block-group alignwide is-layout-constrained wp-block-group-is-layout-constrained\">\n<div class=\"wp-block-group alignwide is-layout-constrained wp-block-group-is-layout-constrained\">\n<div class=\"wp-block-group alignwide is-layout-constrained wp-block-group-is-layout-constrained\">\n<div class=\"wp-block-buttons alignwide is-content-justification-center is-layout-flex wp-container-core-buttons-is-layout-a89b3969 wp-block-buttons-is-layout-flex\">\n<div class=\"wp-block-button\"><a class=\"wp-block-button__link has-medium-font-size has-custom-font-size wp-element-button\" href=\"https:\/\/supercykelstier.dk\/koncept\/3-kommunikation\/anlaegskommunikation\/\">Anl\u00e6gskommunikation <\/a><\/div>\n<\/div>\n<\/div>\n<\/div>\n<\/div>\n\n\n\n<div class=\"wp-block-buttons is-content-justification-center is-layout-flex wp-container-core-buttons-is-layout-a89b3969 wp-block-buttons-is-layout-flex\">\n<div class=\"wp-block-button\"><a class=\"wp-block-button__link has-medium-font-size has-custom-font-size wp-element-button\" href=\"https:\/\/supercykelstier.dk\/koncept\/3-kommunikation\/events-og-kampagner\/\">Events og kampagner<\/a><\/div>\n<\/div>\n<\/div>\n\n\n\n<div class=\"wp-block-buttons is-vertical is-content-justification-center is-layout-flex wp-container-core-buttons-is-layout-734eb2c2 wp-block-buttons-is-layout-flex\">\n<div class=\"wp-block-button\"><a class=\"wp-block-button__link has-medium-font-size has-custom-font-size wp-element-button\" href=\"https:\/\/supercykelstier.dk\/koncept\/3-kommunikation\/noegletal-og-resultatkommunikation\/\">N\u00f8gletal og resultatkommunikation<\/a><\/div>\n\n\n\n<div class=\"wp-block-button\"><a class=\"wp-block-button__link has-medium-font-size has-custom-font-size wp-element-button\" href=\"https:\/\/supercykelstier.dk\/koncept\/3-kommunikation\/presse\/\">Presse og omtale<\/a><\/div>\n<\/div>\n<\/div>\n<\/div>\n<\/div>\n\n\n\n<hr class=\"wp-block-separator has-alpha-channel-opacity\"\/>","protected":false},"excerpt":{"rendered":"<p>Supercykelstier vinder stadigt st\u00f8rre indpas i den nationale transportdagsorden, mens kendskabet til supercykelstierne vokser i den brede befolknings bevidsthed. Derfor bliver det fortsat vigtigere, at supercykelstier kommunikeres nogenlunde ens, uanset hvor i landet de etableres. Med supercykelstierne som det tredje ben i den regionale transportplanl\u00e6gning er det samtidig vigtigt, at kommunikationen om supercykelstier fortsat er [&hellip;]<\/p>","protected":false},"author":53,"featured_media":0,"parent":0,"menu_order":0,"comment_status":"closed","ping_status":"closed","template":"skjul-titel","meta":{"_acf_changed":false,"_relevanssi_hide_post":"","_relevanssi_hide_content":"","_relevanssi_pin_for_all":"","_relevanssi_pin_keywords":"","_relevanssi_unpin_keywords":"","_relevanssi_related_keywords":"","_relevanssi_related_include_ids":"","_relevanssi_related_exclude_ids":"","_relevanssi_related_no_append":"","_relevanssi_related_not_related":"","_relevanssi_related_posts":"3141,3133,4256,810,1622,2994","_relevanssi_noindex_reason":"","_eb_attr":"","editor_notices":[],"footnotes":""},"class_list":["post-8181","page","type-page","status-publish","hentry"],"acf":[],"yoast_head":"<!-- This site is optimized with the Yoast SEO plugin v27.3 - https:\/\/yoast.com\/product\/yoast-seo-wordpress\/ -->\n<title>Kommunikation - Koncept for Supercykelstier<\/title>\n<meta name=\"robots\" content=\"index, follow, max-snippet:-1, max-image-preview:large, max-video-preview:-1\" \/>\n<link rel=\"canonical\" href=\"https:\/\/supercykelstier.dk\/koncept\/kommunikation\/\" \/>\n<meta property=\"og:locale\" content=\"da_DK\" \/>\n<meta property=\"og:type\" content=\"article\" \/>\n<meta property=\"og:title\" content=\"Kommunikation - Koncept for Supercykelstier\" \/>\n<meta property=\"og:description\" content=\"Supercykelstier vinder stadigt st\u00f8rre indpas i den nationale transportdagsorden, mens kendskabet til supercykelstierne vokser i den brede befolknings bevidsthed. Derfor bliver det fortsat vigtigere, at supercykelstier kommunikeres nogenlunde ens, uanset hvor i landet de etableres. Med supercykelstierne som det tredje ben i den regionale transportplanl\u00e6gning er det samtidig vigtigt, at kommunikationen om supercykelstier fortsat er [&hellip;]\" \/>\n<meta property=\"og:url\" content=\"https:\/\/supercykelstier.dk\/koncept\/kommunikation\/\" \/>\n<meta property=\"og:site_name\" content=\"Koncept for Supercykelstier\" \/>\n<meta property=\"article:modified_time\" content=\"2025-08-19T08:17:18+00:00\" \/>\n<meta property=\"og:image\" content=\"https:\/\/supercykelstier.dk\/koncept\/wp-content\/uploads\/sites\/4\/2020\/03\/C728462.jpg\" \/>\n\t<meta property=\"og:image:width\" content=\"1701\" \/>\n\t<meta property=\"og:image:height\" content=\"1135\" \/>\n\t<meta property=\"og:image:type\" content=\"image\/jpeg\" \/>\n<meta name=\"twitter:card\" content=\"summary_large_image\" \/>\n<meta name=\"twitter:label1\" content=\"Estimeret l\u00e6setid\" \/>\n\t<meta name=\"twitter:data1\" content=\"2 minutter\" \/>\n<script type=\"application\/ld+json\" class=\"yoast-schema-graph\">{\"@context\":\"https:\\\/\\\/schema.org\",\"@graph\":[{\"@type\":\"WebPage\",\"@id\":\"https:\\\/\\\/supercykelstier.dk\\\/koncept\\\/kommunikation\\\/\",\"url\":\"https:\\\/\\\/supercykelstier.dk\\\/koncept\\\/kommunikation\\\/\",\"name\":\"Kommunikation - Koncept for Supercykelstier\",\"isPartOf\":{\"@id\":\"https:\\\/\\\/supercykelstier.dk\\\/koncept\\\/#website\"},\"primaryImageOfPage\":{\"@id\":\"https:\\\/\\\/supercykelstier.dk\\\/koncept\\\/kommunikation\\\/#primaryimage\"},\"image\":{\"@id\":\"https:\\\/\\\/supercykelstier.dk\\\/koncept\\\/kommunikation\\\/#primaryimage\"},\"thumbnailUrl\":\"https:\\\/\\\/supercykelstier.dk\\\/koncept\\\/wp-content\\\/uploads\\\/2020\\\/03\\\/C728462.jpg\",\"datePublished\":\"2022-10-17T08:23:25+00:00\",\"dateModified\":\"2025-08-19T08:17:18+00:00\",\"breadcrumb\":{\"@id\":\"https:\\\/\\\/supercykelstier.dk\\\/koncept\\\/kommunikation\\\/#breadcrumb\"},\"inLanguage\":\"da-DK\",\"potentialAction\":[{\"@type\":\"ReadAction\",\"target\":[\"https:\\\/\\\/supercykelstier.dk\\\/koncept\\\/kommunikation\\\/\"]}]},{\"@type\":\"ImageObject\",\"inLanguage\":\"da-DK\",\"@id\":\"https:\\\/\\\/supercykelstier.dk\\\/koncept\\\/kommunikation\\\/#primaryimage\",\"url\":\"https:\\\/\\\/supercykelstier.dk\\\/koncept\\\/wp-content\\\/uploads\\\/sites\\\/4\\\/2020\\\/03\\\/C728462.jpg\",\"contentUrl\":\"https:\\\/\\\/supercykelstier.dk\\\/koncept\\\/wp-content\\\/uploads\\\/sites\\\/4\\\/2020\\\/03\\\/C728462.jpg\",\"width\":1701,\"height\":1135},{\"@type\":\"BreadcrumbList\",\"@id\":\"https:\\\/\\\/supercykelstier.dk\\\/koncept\\\/kommunikation\\\/#breadcrumb\",\"itemListElement\":[{\"@type\":\"ListItem\",\"position\":1,\"name\":\"Hjem\",\"item\":\"https:\\\/\\\/supercykelstier.dk\\\/koncept\\\/\"},{\"@type\":\"ListItem\",\"position\":2,\"name\":\"Kommunikation\"}]},{\"@type\":\"WebSite\",\"@id\":\"https:\\\/\\\/supercykelstier.dk\\\/koncept\\\/#website\",\"url\":\"https:\\\/\\\/supercykelstier.dk\\\/koncept\\\/\",\"name\":\"Koncept for Supercykelstier\",\"description\":\"\",\"publisher\":{\"@id\":\"https:\\\/\\\/supercykelstier.dk\\\/koncept\\\/#organization\"},\"potentialAction\":[{\"@type\":\"SearchAction\",\"target\":{\"@type\":\"EntryPoint\",\"urlTemplate\":\"https:\\\/\\\/supercykelstier.dk\\\/koncept\\\/?s={search_term_string}\"},\"query-input\":{\"@type\":\"PropertyValueSpecification\",\"valueRequired\":true,\"valueName\":\"search_term_string\"}}],\"inLanguage\":\"da-DK\"},{\"@type\":\"Organization\",\"@id\":\"https:\\\/\\\/supercykelstier.dk\\\/koncept\\\/#organization\",\"name\":\"Koncept for Supercykelstier\",\"url\":\"https:\\\/\\\/supercykelstier.dk\\\/koncept\\\/\",\"logo\":{\"@type\":\"ImageObject\",\"inLanguage\":\"da-DK\",\"@id\":\"https:\\\/\\\/supercykelstier.dk\\\/koncept\\\/#\\\/schema\\\/logo\\\/image\\\/\",\"url\":\"https:\\\/\\\/supercykelstier.dk\\\/koncept\\\/wp-content\\\/uploads\\\/sites\\\/4\\\/2022\\\/01\\\/super-cykelstier-logo.svg\",\"contentUrl\":\"https:\\\/\\\/supercykelstier.dk\\\/koncept\\\/wp-content\\\/uploads\\\/sites\\\/4\\\/2022\\\/01\\\/super-cykelstier-logo.svg\",\"caption\":\"Koncept for Supercykelstier\"},\"image\":{\"@id\":\"https:\\\/\\\/supercykelstier.dk\\\/koncept\\\/#\\\/schema\\\/logo\\\/image\\\/\"}}]}<\/script>\n<!-- \/ Yoast SEO plugin. -->","yoast_head_json":{"title":"Kommunikation - Koncept for Supercykelstier","robots":{"index":"index","follow":"follow","max-snippet":"max-snippet:-1","max-image-preview":"max-image-preview:large","max-video-preview":"max-video-preview:-1"},"canonical":"https:\/\/supercykelstier.dk\/koncept\/kommunikation\/","og_locale":"da_DK","og_type":"article","og_title":"Kommunikation - Koncept for Supercykelstier","og_description":"Supercykelstier vinder stadigt st\u00f8rre indpas i den nationale transportdagsorden, mens kendskabet til supercykelstierne vokser i den brede befolknings bevidsthed. Derfor bliver det fortsat vigtigere, at supercykelstier kommunikeres nogenlunde ens, uanset hvor i landet de etableres. Med supercykelstierne som det tredje ben i den regionale transportplanl\u00e6gning er det samtidig vigtigt, at kommunikationen om supercykelstier fortsat er [&hellip;]","og_url":"https:\/\/supercykelstier.dk\/koncept\/kommunikation\/","og_site_name":"Koncept for Supercykelstier","article_modified_time":"2025-08-19T08:17:18+00:00","og_image":[{"width":1701,"height":1135,"url":"https:\/\/supercykelstier.dk\/koncept\/wp-content\/uploads\/sites\/4\/2020\/03\/C728462.jpg","type":"image\/jpeg"}],"twitter_card":"summary_large_image","twitter_misc":{"Estimeret l\u00e6setid":"2 minutter"},"schema":{"@context":"https:\/\/schema.org","@graph":[{"@type":"WebPage","@id":"https:\/\/supercykelstier.dk\/koncept\/kommunikation\/","url":"https:\/\/supercykelstier.dk\/koncept\/kommunikation\/","name":"Kommunikation - Koncept for Supercykelstier","isPartOf":{"@id":"https:\/\/supercykelstier.dk\/koncept\/#website"},"primaryImageOfPage":{"@id":"https:\/\/supercykelstier.dk\/koncept\/kommunikation\/#primaryimage"},"image":{"@id":"https:\/\/supercykelstier.dk\/koncept\/kommunikation\/#primaryimage"},"thumbnailUrl":"https:\/\/supercykelstier.dk\/koncept\/wp-content\/uploads\/2020\/03\/C728462.jpg","datePublished":"2022-10-17T08:23:25+00:00","dateModified":"2025-08-19T08:17:18+00:00","breadcrumb":{"@id":"https:\/\/supercykelstier.dk\/koncept\/kommunikation\/#breadcrumb"},"inLanguage":"da-DK","potentialAction":[{"@type":"ReadAction","target":["https:\/\/supercykelstier.dk\/koncept\/kommunikation\/"]}]},{"@type":"ImageObject","inLanguage":"da-DK","@id":"https:\/\/supercykelstier.dk\/koncept\/kommunikation\/#primaryimage","url":"https:\/\/supercykelstier.dk\/koncept\/wp-content\/uploads\/sites\/4\/2020\/03\/C728462.jpg","contentUrl":"https:\/\/supercykelstier.dk\/koncept\/wp-content\/uploads\/sites\/4\/2020\/03\/C728462.jpg","width":1701,"height":1135},{"@type":"BreadcrumbList","@id":"https:\/\/supercykelstier.dk\/koncept\/kommunikation\/#breadcrumb","itemListElement":[{"@type":"ListItem","position":1,"name":"Hjem","item":"https:\/\/supercykelstier.dk\/koncept\/"},{"@type":"ListItem","position":2,"name":"Kommunikation"}]},{"@type":"WebSite","@id":"https:\/\/supercykelstier.dk\/koncept\/#website","url":"https:\/\/supercykelstier.dk\/koncept\/","name":"Koncept for Supercykelstier","description":"","publisher":{"@id":"https:\/\/supercykelstier.dk\/koncept\/#organization"},"potentialAction":[{"@type":"SearchAction","target":{"@type":"EntryPoint","urlTemplate":"https:\/\/supercykelstier.dk\/koncept\/?s={search_term_string}"},"query-input":{"@type":"PropertyValueSpecification","valueRequired":true,"valueName":"search_term_string"}}],"inLanguage":"da-DK"},{"@type":"Organization","@id":"https:\/\/supercykelstier.dk\/koncept\/#organization","name":"Koncept for Supercykelstier","url":"https:\/\/supercykelstier.dk\/koncept\/","logo":{"@type":"ImageObject","inLanguage":"da-DK","@id":"https:\/\/supercykelstier.dk\/koncept\/#\/schema\/logo\/image\/","url":"https:\/\/supercykelstier.dk\/koncept\/wp-content\/uploads\/sites\/4\/2022\/01\/super-cykelstier-logo.svg","contentUrl":"https:\/\/supercykelstier.dk\/koncept\/wp-content\/uploads\/sites\/4\/2022\/01\/super-cykelstier-logo.svg","caption":"Koncept for Supercykelstier"},"image":{"@id":"https:\/\/supercykelstier.dk\/koncept\/#\/schema\/logo\/image\/"}}]}},"_links":{"self":[{"href":"https:\/\/supercykelstier.dk\/koncept\/wp-json\/wp\/v2\/pages\/8181","targetHints":{"allow":["GET"]}}],"collection":[{"href":"https:\/\/supercykelstier.dk\/koncept\/wp-json\/wp\/v2\/pages"}],"about":[{"href":"https:\/\/supercykelstier.dk\/koncept\/wp-json\/wp\/v2\/types\/page"}],"author":[{"embeddable":true,"href":"https:\/\/supercykelstier.dk\/koncept\/wp-json\/wp\/v2\/users\/53"}],"replies":[{"embeddable":true,"href":"https:\/\/supercykelstier.dk\/koncept\/wp-json\/wp\/v2\/comments?post=8181"}],"version-history":[{"count":0,"href":"https:\/\/supercykelstier.dk\/koncept\/wp-json\/wp\/v2\/pages\/8181\/revisions"}],"wp:attachment":[{"href":"https:\/\/supercykelstier.dk\/koncept\/wp-json\/wp\/v2\/media?parent=8181"}],"curies":[{"name":"wp","href":"https:\/\/api.w.org\/{rel}","templated":true}]}}