
{"id":4422,"date":"2021-11-30T11:41:13","date_gmt":"2021-11-30T10:41:13","guid":{"rendered":"https:\/\/supercykelstier.dk\/?page_id=4422"},"modified":"2021-11-30T11:41:14","modified_gmt":"2021-11-30T10:41:14","slug":"nyheder-2","status":"publish","type":"page","link":"https:\/\/supercykelstier.dk\/english\/nyheder-2\/","title":{"rendered":"Nyheder"},"content":{"rendered":"<div class=\"wp-block-cover alignfull\" style=\"min-height:200px;aspect-ratio:unset;\"><span aria-hidden=\"true\" class=\"has-accent-background-color wp-block-cover__gradient-background has-background-dim\"><\/span><img loading=\"lazy\" decoding=\"async\" width=\"1701\" height=\"1135\" class=\"wp-block-cover__image-background wp-image-3551\" alt=\"\" src=\"https:\/\/supercykelstier.dk\/wp-content\/uploads\/2020\/03\/C728462.jpg\" data-object-fit=\"cover\" srcset=\"https:\/\/supercykelstier.dk\/english\/wp-content\/uploads\/sites\/3\/2020\/03\/C728462.jpg 1701w, https:\/\/supercykelstier.dk\/english\/wp-content\/uploads\/sites\/3\/2020\/03\/C728462-1230x821.jpg 1230w, https:\/\/supercykelstier.dk\/english\/wp-content\/uploads\/sites\/3\/2020\/03\/C728462-768x512.jpg 768w, https:\/\/supercykelstier.dk\/english\/wp-content\/uploads\/sites\/3\/2020\/03\/C728462-1600x1068.jpg 1600w, https:\/\/supercykelstier.dk\/english\/wp-content\/uploads\/sites\/3\/2020\/03\/C728462-1536x1025.jpg 1536w, https:\/\/supercykelstier.dk\/english\/wp-content\/uploads\/sites\/3\/2020\/03\/C728462-712x475.jpg 712w, https:\/\/supercykelstier.dk\/english\/wp-content\/uploads\/sites\/3\/2020\/03\/C728462-488x326.jpg 488w, https:\/\/supercykelstier.dk\/english\/wp-content\/uploads\/sites\/3\/2020\/03\/C728462-1111x742.jpg 1111w\" sizes=\"auto, (max-width: 1701px) 100vw, 1701px\" \/><div class=\"wp-block-cover__inner-container is-layout-flow wp-block-cover-is-layout-flow\">\n<h2 class=\"has-text-align-center has-white-color has-text-color wp-block-heading\" id=\"nyheder\"><em>Nyheder<\/em><\/h2>\n<\/div><\/div>\n\n\n\n<div style=\"height:60px\" aria-hidden=\"true\" class=\"wp-block-spacer\"><\/div>\n\n\n\n<div class=\"wp-block-group is-layout-constrained wp-container-core-group-is-layout-1ce4f786 wp-block-group-is-layout-constrained\">\n<div class=\"wp-block-outermost-icon-block items-justified-center\"><div class=\"icon-container\" style=\"width:40px\"><svg width=\"42px\" height=\"36px\" viewbox=\"0 0 42 36\" version=\"1.1\" xmlns=\"http:\/\/www.w3.org\/2000\/svg\" xmlnsxlink=\"http:\/\/www.w3.org\/1999\/xlink\"><g id=\"Page-1\" stroke=\"none\" strokewidth=\"1\" fill=\"none\" fillrule=\"evenodd\"><g id=\"Ruteside\" transform=\"translate(-819.000000, -1029.000000)\"><g id=\"Group-11-Copy\" transform=\"translate(820.000000, 1029.000000)\"><path d=\"M24.6623326,26.9328032 C24.6623326,31.0919464 28.0474428,34.4635026 32.2221081,34.4635026 C36.3973098,34.4635026 39.78242,31.0919464 39.78242,26.9328032 C39.78242,22.77366 36.3973098,19.4021038 32.2221081,19.4021038 C28.0474428,19.4021038 24.6623326,22.77366 24.6623326,26.9328032 Z M0.268191268,26.9328032 C0.268191268,31.0919464 3.65276507,34.4635026 7.82796674,34.4635026 C12.0031684,34.4635026 15.3877422,31.0919464 15.3877422,26.9328032 C15.3877422,22.77366 12.0031684,19.4021038 7.82796674,19.4021038 C3.65276507,19.4021038 0.268191268,22.77366 0.268191268,26.9328032 Z\" id=\"Stroke-5\" stroke=\"#A2832F\" strokewidth=\"2\"><\/path><path d=\"M27.3482224,16.3848195 L11.7196757,16.3848195 L19.6138648,26.3210989 L27.3482224,16.3848195 Z M27.8816994,14.2596462 L27.57368,16.4333226 L32.0463128,26.8720308 L19.6138648,26.3210989 L27.8816994,14.2596462 Z\" id=\"Stroke-2\" stroke=\"#A2832F\" strokewidth=\"2\" strokelinecap=\"round\" strokelinejoin=\"round\"><\/path><line x1=\"27.3727027\" y1=\"13.6830615\" x2=\"25.2191892\" y2=\"13.6830615\" id=\"Stroke-3\" stroke=\"#E7792B\" strokewidth=\"1.563\" strokelinecap=\"round\" strokelinejoin=\"round\"><\/line><polyline id=\"Stroke-4\" stroke=\"#A2832F\" strokewidth=\"2\" strokelinecap=\"round\" strokelinejoin=\"round\" points=\"7.88243243 26.8587846 12.7785015 12.7031692 8.68341448 12.7031692\"><\/polyline><path d=\"M16.9675497,0.493498565 C18.6067347,0.503168698 19.9283813,1.83469296 19.918779,3.46757343 C19.9090715,5.10045391 18.5724062,6.4164829 16.9332212,6.40744621 C15.2934998,6.39778172 13.972926,5.06625746 13.9819976,3.43337698 C13.9916994,1.79996219 15.3283647,0.483933195 16.9675497,0.493498565\" id=\"Fill-7\" fill=\"#35353B\"><\/path><path d=\"M29.2828927,15.0897178 C29.7897742,14.5906633 30.041874,13.9318473 30.0381193,13.2735657 C30.0467015,12.8327521 29.9399613,12.3839237 29.7050258,11.973032 C29.5108553,11.6332047 29.2501734,11.3558929 28.94819,11.146974 L23.3419198,5.49707929 C23.3403106,5.49547633 23.3387015,5.49440769 23.3376287,5.49280473 C23.3167098,5.47196627 23.2947181,5.45166213 23.2732628,5.43135799 C23.2625351,5.42120592 23.2518075,5.41051953 23.2405435,5.40090178 C23.2271339,5.38861243 23.2131879,5.37739172 23.1997784,5.36510237 C23.1793958,5.34746982 23.1584769,5.32983728 23.137558,5.31273905 C23.1359489,5.31113609 23.1332669,5.30899882 23.1311214,5.30739586 C22.893504,5.11557515 22.6290674,4.97291183 22.3517576,4.87940592 C22.3480029,4.87780296 22.3442482,4.87673432 22.3404936,4.87566568 C22.3067015,4.86444497 22.2729094,4.85375858 22.2385809,4.84360651 C22.2278532,4.84093491 22.2171256,4.83772899 22.2063979,4.8350574 C22.1790424,4.82757692 22.1516869,4.82009645 22.123795,4.81368462 C22.1077035,4.80994438 22.0910757,4.80620414 22.0749842,4.80299822 C22.0524561,4.79818935 22.0299281,4.79284615 22.0068636,4.7885716 C21.9870175,4.78483136 21.9671713,4.78162544 21.9473252,4.77841953 C21.9280154,4.77521361 21.9081692,4.77200769 21.8883231,4.76933609 C21.8663314,4.76613018 21.8443397,4.76345858 21.8228844,4.7613213 C21.804111,4.75918402 21.7853376,4.75704675 21.7671006,4.75544379 C21.7451089,4.75330651 21.7225809,4.75170355 21.7005892,4.75010059 C21.6818158,4.74903195 21.662506,4.74796331 21.6437326,4.74689467 C21.6228137,4.74636036 21.6013584,4.74582604 21.5804395,4.74529172 C21.560057,4.7447574 21.539138,4.7447574 21.5182191,4.7447574 C21.4999821,4.7447574 21.4812087,4.74529172 21.461899,4.74582604 C21.4382981,4.74636036 21.4152337,4.74742899 21.3916328,4.74849763 C21.3760778,4.74956627 21.361059,4.75063491 21.345504,4.75170355 C21.3181484,4.75384083 21.2913293,4.75597811 21.2639738,4.7586497 C21.2527098,4.76025266 21.2414457,4.7613213 21.2301817,4.76292426 C21.1990715,4.76613018 21.1684977,4.77040473 21.1373875,4.77521361 C21.1298782,4.77628225 21.1229052,4.77788521 21.1153958,4.77895385 C21.080531,4.78483136 21.0462025,4.7912432 21.011874,4.79818935 C21.0081193,4.79872367 21.0043647,4.79979231 21.0011464,4.80032663 C20.9635996,4.80834142 20.9260528,4.81742485 20.8895788,4.8270426 C20.7694291,4.85803314 20.6546432,4.89650414 20.5425393,4.94405858 C20.5039198,4.96008817 20.4690549,4.97558343 20.4347264,4.99214734 C20.429899,4.99428462 20.4256079,4.99642189 20.4213168,4.99909349 C20.3902067,5.01352012 20.3601692,5.02901538 20.3301318,5.04504497 C20.3204769,5.04985385 20.3113584,5.05519704 20.3022399,5.06054024 C20.2770299,5.07389822 20.2528927,5.08779053 20.2282191,5.10275148 C20.212664,5.11183491 20.1976453,5.12145266 20.1820902,5.13053609 C20.1643896,5.1417568 20.146689,5.15297751 20.1289884,5.16473254 C20.1064603,5.17969349 20.0844686,5.19465444 20.0624769,5.2101497 C20.0522857,5.21763018 20.041558,5.22457633 20.0319031,5.2320568 C20.0024021,5.25342959 19.972901,5.27587101 19.9439364,5.29884675 C19.9412545,5.30098402 19.9391089,5.30258698 19.9358906,5.30472426 C19.8039405,5.41105385 19.6816453,5.53074142 19.5706141,5.66485562 C19.5695414,5.66592426 19.5684686,5.6669929 19.5673958,5.66859586 C19.5480861,5.6915716 19.5298491,5.71561598 19.5110757,5.73966036 C19.5024936,5.75141538 19.4933751,5.76317041 19.4842565,5.77492544 C19.4740653,5.78828343 19.4644104,5.80217574 19.4547555,5.81606805 C19.438664,5.83904379 19.4225726,5.86148521 19.4070175,5.88499527 C19.4032628,5.89087278 19.3995081,5.89728462 19.3957534,5.90316213 C19.3753709,5.93415266 19.3560611,5.9651432 19.3372877,5.99666805 C19.3367514,5.99773669 19.336215,5.99827101 19.3356786,5.99880533 L16.1216744,11.4713059 L11.815059,11.4467272 C11.1129343,11.4424527 10.5400778,12.0066941 10.5356454,12.7066527 C10.5314956,13.4060769 11.0979156,13.9767302 11.8005767,13.9810047 L16.8887015,14.0103923 C17.3279988,14.0114609 17.7565684,13.7881154 17.9941859,13.3831012 L20.8380861,10.2498515 L23.9351588,13.3056249 L20.0608678,15.5161047 C19.3592794,15.9136385 18.973084,16.6504651 18.9902482,17.4017183 L18.9398283,25.8498444 C18.9350008,26.7833006 19.6896911,27.5441716 20.626215,27.5496801 C21.5632753,27.554858 22.327084,26.8025361 22.3324478,25.8696142 L22.3721401,19.065055 L28.2868304,15.6956361 C28.6499613,15.5770172 28.9921734,15.3755787 29.2828927,15.0897178 L16.1216744,1.97911953\" id=\"Fill-9\" fill=\"#35353B\"><\/path><\/g><\/g><\/g><\/svg><\/div><\/div>\n\n\n\n<div style=\"height:40px\" aria-hidden=\"true\" class=\"wp-block-spacer\"><\/div>\n\n\n\n<p class=\"has-text-align-center\">Her kan I skrive en lille introtekst til nyhder for at beskrive det bedre. Den kan v\u00e6re lige s\u00e5 lang I syntes<\/p>\n\n\n\n<div class=\"wp-block-columns alignwide route-filters is-style-gapless is-layout-flex wp-container-core-columns-is-layout-28f84493 wp-block-columns-is-layout-flex\">\n<div class=\"wp-block-column is-layout-flow wp-block-column-is-layout-flow\">\n<select><option>Nyheder<\/option><\/select>\n<\/div>\n\n\n\n<div class=\"wp-block-column is-layout-flow wp-block-column-is-layout-flow\">\n<select><option>V\u00e6lg en type<\/option><\/select>\n<\/div>\n\n\n\n<div class=\"wp-block-column is-layout-flow wp-block-column-is-layout-flow\">\n<select><option>Sorter efter<\/option><\/select>\n<\/div>\n<\/div>\n<\/div>\n\n\n\n<div style=\"height:30px\" aria-hidden=\"true\" class=\"wp-block-spacer\"><\/div>\n\n\n\n<div class=\"wp-block-group alignwide column-grid has-buttons is-layout-flow wp-block-group-is-layout-flow\">\n<div class=\"wp-block-columns alignwide balanced-columns mb-0 is-layout-flex wp-container-core-columns-is-layout-28f84493 wp-block-columns-is-layout-flex\">\n<div class=\"wp-block-column has-shadow is-layout-flow wp-block-column-is-layout-flow\">\n<div class=\"wp-block-media-text is-stacked-on-mobile has-media-on-the-top\"><figure class=\"wp-block-media-text__media\"><img decoding=\"async\" src=\"https:\/\/supercykelstier.dk\/wp-content\/uploads\/2016\/03\/C841715-1-1024x683.jpg\" alt=\"\" class=\"wp-image-2287 size-full\"\/><\/figure><div class=\"wp-block-media-text__content\">\n<div class=\"wp-block-group is-layout-flow wp-block-group-is-layout-flow\">\n<p class=\"category has-accent-color has-text-color has-tiny-font-size\"><strong>Nyhed<\/strong><\/p>\n\n\n\n<p class=\"has-normal-font-size\">Ny belysning p\u00e5 Farumruten<\/p>\n<\/div>\n<\/div><\/div>\n\n\n\n<p class=\"date has-tiny-font-size\">20.09.2021<\/p>\n<\/div>\n\n\n\n<div class=\"wp-block-column has-shadow is-layout-flow wp-block-column-is-layout-flow\">\n<div class=\"wp-block-media-text is-stacked-on-mobile has-media-on-the-top\"><figure class=\"wp-block-media-text__media\"><img decoding=\"async\" src=\"https:\/\/supercykelstier.dk\/wp-content\/uploads\/2016\/03\/C841715-1-1024x683.jpg\" alt=\"\" class=\"wp-image-2287 size-full\"\/><\/figure><div class=\"wp-block-media-text__content\">\n<div class=\"wp-block-group is-layout-flow wp-block-group-is-layout-flow\">\n<p class=\"category has-accent-color has-text-color has-tiny-font-size\"><strong>Nyhed<\/strong><\/p>\n\n\n\n<p>Solskin og cykelfest til relanceringer af Jyllinge-Stenl\u00f8seruten p\u00e5 World Bicycle Day<\/p>\n<\/div>\n<\/div><\/div>\n\n\n\n<p class=\"date has-tiny-font-size\">20.09.2021<\/p>\n<\/div>\n\n\n\n<div class=\"wp-block-column has-shadow is-layout-flow wp-block-column-is-layout-flow\">\n<div class=\"wp-block-media-text is-stacked-on-mobile has-media-on-the-top\"><figure class=\"wp-block-media-text__media\"><img decoding=\"async\" src=\"https:\/\/supercykelstier.dk\/wp-content\/uploads\/2016\/03\/C841715-1-1024x683.jpg\" alt=\"\" class=\"wp-image-2287 size-full\"\/><\/figure><div class=\"wp-block-media-text__content\">\n<div class=\"wp-block-group is-layout-flow wp-block-group-is-layout-flow\">\n<p class=\"category has-accent-color has-text-color has-tiny-font-size\"><strong>Nyhed<\/strong><\/p>\n\n\n\n<p>\u00d8konomiske inticamenter til cykelpendling i Europa giver Danmark baghjul<\/p>\n<\/div>\n<\/div><\/div>\n\n\n\n<p class=\"date has-tiny-font-size\">20.09.2021<\/p>\n<\/div>\n<\/div>\n\n\n\n<div class=\"wp-block-columns alignwide balanced-columns mb-0 is-layout-flex wp-container-core-columns-is-layout-28f84493 wp-block-columns-is-layout-flex\">\n<div class=\"wp-block-column has-shadow is-layout-flow wp-block-column-is-layout-flow\">\n<div class=\"wp-block-media-text is-stacked-on-mobile has-media-on-the-top\"><figure class=\"wp-block-media-text__media\"><img decoding=\"async\" src=\"https:\/\/supercykelstier.dk\/wp-content\/uploads\/2016\/03\/C841715-1-1024x683.jpg\" alt=\"\" class=\"wp-image-2287 size-full\"\/><\/figure><div class=\"wp-block-media-text__content\">\n<div class=\"wp-block-group is-layout-flow wp-block-group-is-layout-flow\">\n<p class=\"category has-accent-color has-text-color has-tiny-font-size\"><strong>Nyhed<\/strong><\/p>\n\n\n\n<p class=\"has-normal-font-size\">Ny belysning p\u00e5 Farumruten<\/p>\n<\/div>\n<\/div><\/div>\n\n\n\n<p class=\"date has-tiny-font-size\">20.09.2021<\/p>\n<\/div>\n\n\n\n<div class=\"wp-block-column has-shadow is-layout-flow wp-block-column-is-layout-flow\">\n<div class=\"wp-block-media-text is-stacked-on-mobile has-media-on-the-top\"><figure class=\"wp-block-media-text__media\"><img decoding=\"async\" src=\"https:\/\/supercykelstier.dk\/wp-content\/uploads\/2016\/03\/C841715-1-1024x683.jpg\" alt=\"\" class=\"wp-image-2287 size-full\"\/><\/figure><div class=\"wp-block-media-text__content\">\n<div class=\"wp-block-group is-layout-flow wp-block-group-is-layout-flow\">\n<p class=\"category has-accent-color has-text-color has-tiny-font-size\"><strong>Nyhed<\/strong><\/p>\n\n\n\n<p>Solskin og cykelfest til relanceringer af Jyllinge-Stenl\u00f8seruten p\u00e5 World Bicycle Day<\/p>\n<\/div>\n<\/div><\/div>\n\n\n\n<p class=\"date has-tiny-font-size\">20.09.2021<\/p>\n<\/div>\n\n\n\n<div class=\"wp-block-column has-shadow is-layout-flow wp-block-column-is-layout-flow\">\n<div class=\"wp-block-media-text is-stacked-on-mobile has-media-on-the-top\"><figure class=\"wp-block-media-text__media\"><img decoding=\"async\" src=\"https:\/\/supercykelstier.dk\/wp-content\/uploads\/2016\/03\/C841715-1-1024x683.jpg\" alt=\"\" class=\"wp-image-2287 size-full\"\/><\/figure><div class=\"wp-block-media-text__content\">\n<div class=\"wp-block-group is-layout-flow wp-block-group-is-layout-flow\">\n<p class=\"category has-accent-color has-text-color has-tiny-font-size\"><strong>Nyhed<\/strong><\/p>\n\n\n\n<p>\u00d8konomiske inticamenter til cykelpendling i Europa giver Danmark baghjul<\/p>\n<\/div>\n<\/div><\/div>\n\n\n\n<p class=\"date has-tiny-font-size\">20.09.2021<\/p>\n<\/div>\n<\/div>\n<\/div>\n\n\n\n<div class=\"wp-block-buttons is-content-justification-center is-layout-flex wp-container-core-buttons-is-layout-a89b3969 wp-block-buttons-is-layout-flex\">\n<div class=\"wp-block-button has-custom-font-size load-more has-small-font-size\"><a class=\"wp-block-button__link\">Indl\u00e6s flere<\/a><\/div>\n<\/div>","protected":false},"excerpt":{"rendered":"<p>Her kan I skrive en lille introtekst til nyhder for at beskrive det bedre. Den kan v\u00e6re lige s\u00e5 lang I syntes Nyheder V\u00e6lg en type Sorter efter Nyhed Ny belysning p\u00e5 Farumruten 20.09.2021 Nyhed Solskin og cykelfest til relanceringer af Jyllinge-Stenl\u00f8seruten p\u00e5 World Bicycle Day 20.09.2021 Nyhed \u00d8konomiske inticamenter til cykelpendling i Europa giver [&hellip;]<\/p>","protected":false},"author":47,"featured_media":0,"parent":0,"menu_order":0,"comment_status":"closed","ping_status":"closed","template":"","meta":{"_acf_changed":false,"_relevanssi_hide_post":"","_relevanssi_hide_content":"","_relevanssi_pin_for_all":"","_relevanssi_pin_keywords":"","_relevanssi_unpin_keywords":"","_relevanssi_related_keywords":"","_relevanssi_related_include_ids":"","_relevanssi_related_exclude_ids":"","_relevanssi_related_no_append":"","_relevanssi_related_not_related":"","_relevanssi_related_posts":"","_relevanssi_noindex_reason":"","editor_notices":[],"footnotes":""},"class_list":["post-4422","page","type-page","status-publish","hentry"],"acf":[],"yoast_head":"<!-- This site is optimized with the Yoast SEO plugin v27.3 - https:\/\/yoast.com\/product\/yoast-seo-wordpress\/ -->\n<title>Nyheder - Cycle Superhighways<\/title>\n<meta name=\"robots\" content=\"index, follow, max-snippet:-1, max-image-preview:large, max-video-preview:-1\" \/>\n<link rel=\"canonical\" href=\"https:\/\/supercykelstier.dk\/english\/nyheder-2\/\" \/>\n<meta property=\"og:locale\" content=\"en_US\" \/>\n<meta property=\"og:type\" content=\"article\" \/>\n<meta property=\"og:title\" content=\"Nyheder - Cycle Superhighways\" \/>\n<meta property=\"og:description\" content=\"Her kan I skrive en lille introtekst til nyhder for at beskrive det bedre. Den kan v\u00e6re lige s\u00e5 lang I syntes Nyheder V\u00e6lg en type Sorter efter Nyhed Ny belysning p\u00e5 Farumruten 20.09.2021 Nyhed Solskin og cykelfest til relanceringer af Jyllinge-Stenl\u00f8seruten p\u00e5 World Bicycle Day 20.09.2021 Nyhed \u00d8konomiske inticamenter til cykelpendling i Europa giver [&hellip;]\" \/>\n<meta property=\"og:url\" content=\"https:\/\/supercykelstier.dk\/english\/nyheder-2\/\" \/>\n<meta property=\"og:site_name\" content=\"Cycle Superhighways\" \/>\n<meta property=\"article:modified_time\" content=\"2021-11-30T10:41:14+00:00\" \/>\n<meta property=\"og:image\" content=\"https:\/\/supercykelstier.dk\/wp-content\/uploads\/2020\/03\/C728462.jpg\" \/>\n<meta name=\"twitter:card\" content=\"summary_large_image\" \/>\n<meta name=\"twitter:label1\" content=\"Est. reading time\" \/>\n\t<meta name=\"twitter:data1\" content=\"2 minutes\" \/>\n<script type=\"application\/ld+json\" class=\"yoast-schema-graph\">{\"@context\":\"https:\\\/\\\/schema.org\",\"@graph\":[{\"@type\":\"WebPage\",\"@id\":\"https:\\\/\\\/supercykelstier.dk\\\/english\\\/nyheder-2\\\/\",\"url\":\"https:\\\/\\\/supercykelstier.dk\\\/english\\\/nyheder-2\\\/\",\"name\":\"Nyheder - Cycle Superhighways\",\"isPartOf\":{\"@id\":\"https:\\\/\\\/supercykelstier.dk\\\/english\\\/#website\"},\"primaryImageOfPage\":{\"@id\":\"https:\\\/\\\/supercykelstier.dk\\\/english\\\/nyheder-2\\\/#primaryimage\"},\"image\":{\"@id\":\"https:\\\/\\\/supercykelstier.dk\\\/english\\\/nyheder-2\\\/#primaryimage\"},\"thumbnailUrl\":\"https:\\\/\\\/supercykelstier.dk\\\/wp-content\\\/uploads\\\/2020\\\/03\\\/C728462.jpg\",\"datePublished\":\"2021-11-30T10:41:13+00:00\",\"dateModified\":\"2021-11-30T10:41:14+00:00\",\"breadcrumb\":{\"@id\":\"https:\\\/\\\/supercykelstier.dk\\\/english\\\/nyheder-2\\\/#breadcrumb\"},\"inLanguage\":\"en-US\",\"potentialAction\":[{\"@type\":\"ReadAction\",\"target\":[\"https:\\\/\\\/supercykelstier.dk\\\/english\\\/nyheder-2\\\/\"]}]},{\"@type\":\"ImageObject\",\"inLanguage\":\"en-US\",\"@id\":\"https:\\\/\\\/supercykelstier.dk\\\/english\\\/nyheder-2\\\/#primaryimage\",\"url\":\"https:\\\/\\\/supercykelstier.dk\\\/wp-content\\\/uploads\\\/2020\\\/03\\\/C728462.jpg\",\"contentUrl\":\"https:\\\/\\\/supercykelstier.dk\\\/wp-content\\\/uploads\\\/2020\\\/03\\\/C728462.jpg\"},{\"@type\":\"BreadcrumbList\",\"@id\":\"https:\\\/\\\/supercykelstier.dk\\\/english\\\/nyheder-2\\\/#breadcrumb\",\"itemListElement\":[{\"@type\":\"ListItem\",\"position\":1,\"name\":\"Hjem\",\"item\":\"https:\\\/\\\/supercykelstier.dk\\\/english\\\/\"},{\"@type\":\"ListItem\",\"position\":2,\"name\":\"Nyheder\"}]},{\"@type\":\"WebSite\",\"@id\":\"https:\\\/\\\/supercykelstier.dk\\\/english\\\/#website\",\"url\":\"https:\\\/\\\/supercykelstier.dk\\\/english\\\/\",\"name\":\"Cycle Superhighways\",\"description\":\"skaber bedre forhold for dig, der tager cyklen til arbejde\",\"publisher\":{\"@id\":\"https:\\\/\\\/supercykelstier.dk\\\/english\\\/#organization\"},\"potentialAction\":[{\"@type\":\"SearchAction\",\"target\":{\"@type\":\"EntryPoint\",\"urlTemplate\":\"https:\\\/\\\/supercykelstier.dk\\\/english\\\/?s={search_term_string}\"},\"query-input\":{\"@type\":\"PropertyValueSpecification\",\"valueRequired\":true,\"valueName\":\"search_term_string\"}}],\"inLanguage\":\"en-US\"},{\"@type\":\"Organization\",\"@id\":\"https:\\\/\\\/supercykelstier.dk\\\/english\\\/#organization\",\"name\":\"Cycle Superhighways\",\"url\":\"https:\\\/\\\/supercykelstier.dk\\\/english\\\/\",\"logo\":{\"@type\":\"ImageObject\",\"inLanguage\":\"en-US\",\"@id\":\"https:\\\/\\\/supercykelstier.dk\\\/english\\\/#\\\/schema\\\/logo\\\/image\\\/\",\"url\":\"https:\\\/\\\/supercykelstier.dk\\\/english\\\/wp-content\\\/uploads\\\/sites\\\/3\\\/2024\\\/07\\\/Engelsk-logo.png\",\"contentUrl\":\"https:\\\/\\\/supercykelstier.dk\\\/english\\\/wp-content\\\/uploads\\\/sites\\\/3\\\/2024\\\/07\\\/Engelsk-logo.png\",\"width\":531,\"height\":131,\"caption\":\"Cycle Superhighways\"},\"image\":{\"@id\":\"https:\\\/\\\/supercykelstier.dk\\\/english\\\/#\\\/schema\\\/logo\\\/image\\\/\"}}]}<\/script>\n<!-- \/ Yoast SEO plugin. -->","yoast_head_json":{"title":"Nyheder - Cycle Superhighways","robots":{"index":"index","follow":"follow","max-snippet":"max-snippet:-1","max-image-preview":"max-image-preview:large","max-video-preview":"max-video-preview:-1"},"canonical":"https:\/\/supercykelstier.dk\/english\/nyheder-2\/","og_locale":"en_US","og_type":"article","og_title":"Nyheder - Cycle Superhighways","og_description":"Her kan I skrive en lille introtekst til nyhder for at beskrive det bedre. Den kan v\u00e6re lige s\u00e5 lang I syntes Nyheder V\u00e6lg en type Sorter efter Nyhed Ny belysning p\u00e5 Farumruten 20.09.2021 Nyhed Solskin og cykelfest til relanceringer af Jyllinge-Stenl\u00f8seruten p\u00e5 World Bicycle Day 20.09.2021 Nyhed \u00d8konomiske inticamenter til cykelpendling i Europa giver [&hellip;]","og_url":"https:\/\/supercykelstier.dk\/english\/nyheder-2\/","og_site_name":"Cycle Superhighways","article_modified_time":"2021-11-30T10:41:14+00:00","og_image":[{"url":"https:\/\/supercykelstier.dk\/wp-content\/uploads\/2020\/03\/C728462.jpg","type":"","width":"","height":""}],"twitter_card":"summary_large_image","twitter_misc":{"Est. reading time":"2 minutes"},"schema":{"@context":"https:\/\/schema.org","@graph":[{"@type":"WebPage","@id":"https:\/\/supercykelstier.dk\/english\/nyheder-2\/","url":"https:\/\/supercykelstier.dk\/english\/nyheder-2\/","name":"Nyheder - Cycle Superhighways","isPartOf":{"@id":"https:\/\/supercykelstier.dk\/english\/#website"},"primaryImageOfPage":{"@id":"https:\/\/supercykelstier.dk\/english\/nyheder-2\/#primaryimage"},"image":{"@id":"https:\/\/supercykelstier.dk\/english\/nyheder-2\/#primaryimage"},"thumbnailUrl":"https:\/\/supercykelstier.dk\/wp-content\/uploads\/2020\/03\/C728462.jpg","datePublished":"2021-11-30T10:41:13+00:00","dateModified":"2021-11-30T10:41:14+00:00","breadcrumb":{"@id":"https:\/\/supercykelstier.dk\/english\/nyheder-2\/#breadcrumb"},"inLanguage":"en-US","potentialAction":[{"@type":"ReadAction","target":["https:\/\/supercykelstier.dk\/english\/nyheder-2\/"]}]},{"@type":"ImageObject","inLanguage":"en-US","@id":"https:\/\/supercykelstier.dk\/english\/nyheder-2\/#primaryimage","url":"https:\/\/supercykelstier.dk\/wp-content\/uploads\/2020\/03\/C728462.jpg","contentUrl":"https:\/\/supercykelstier.dk\/wp-content\/uploads\/2020\/03\/C728462.jpg"},{"@type":"BreadcrumbList","@id":"https:\/\/supercykelstier.dk\/english\/nyheder-2\/#breadcrumb","itemListElement":[{"@type":"ListItem","position":1,"name":"Hjem","item":"https:\/\/supercykelstier.dk\/english\/"},{"@type":"ListItem","position":2,"name":"Nyheder"}]},{"@type":"WebSite","@id":"https:\/\/supercykelstier.dk\/english\/#website","url":"https:\/\/supercykelstier.dk\/english\/","name":"Cycle Superhighways","description":"skaber bedre forhold for dig, der tager cyklen til arbejde","publisher":{"@id":"https:\/\/supercykelstier.dk\/english\/#organization"},"potentialAction":[{"@type":"SearchAction","target":{"@type":"EntryPoint","urlTemplate":"https:\/\/supercykelstier.dk\/english\/?s={search_term_string}"},"query-input":{"@type":"PropertyValueSpecification","valueRequired":true,"valueName":"search_term_string"}}],"inLanguage":"en-US"},{"@type":"Organization","@id":"https:\/\/supercykelstier.dk\/english\/#organization","name":"Cycle Superhighways","url":"https:\/\/supercykelstier.dk\/english\/","logo":{"@type":"ImageObject","inLanguage":"en-US","@id":"https:\/\/supercykelstier.dk\/english\/#\/schema\/logo\/image\/","url":"https:\/\/supercykelstier.dk\/english\/wp-content\/uploads\/sites\/3\/2024\/07\/Engelsk-logo.png","contentUrl":"https:\/\/supercykelstier.dk\/english\/wp-content\/uploads\/sites\/3\/2024\/07\/Engelsk-logo.png","width":531,"height":131,"caption":"Cycle Superhighways"},"image":{"@id":"https:\/\/supercykelstier.dk\/english\/#\/schema\/logo\/image\/"}}]}},"_links":{"self":[{"href":"https:\/\/supercykelstier.dk\/english\/wp-json\/wp\/v2\/pages\/4422","targetHints":{"allow":["GET"]}}],"collection":[{"href":"https:\/\/supercykelstier.dk\/english\/wp-json\/wp\/v2\/pages"}],"about":[{"href":"https:\/\/supercykelstier.dk\/english\/wp-json\/wp\/v2\/types\/page"}],"author":[{"embeddable":true,"href":"https:\/\/supercykelstier.dk\/english\/wp-json\/wp\/v2\/users\/47"}],"replies":[{"embeddable":true,"href":"https:\/\/supercykelstier.dk\/english\/wp-json\/wp\/v2\/comments?post=4422"}],"version-history":[{"count":0,"href":"https:\/\/supercykelstier.dk\/english\/wp-json\/wp\/v2\/pages\/4422\/revisions"}],"wp:attachment":[{"href":"https:\/\/supercykelstier.dk\/english\/wp-json\/wp\/v2\/media?parent=4422"}],"curies":[{"name":"wp","href":"https:\/\/api.w.org\/{rel}","templated":true}]}}