
{"id":1856,"date":"2017-01-03T10:11:33","date_gmt":"2017-01-03T10:11:33","guid":{"rendered":"https:\/\/supercykelstier.dk\/?page_id=1856"},"modified":"2020-03-03T11:39:03","modified_gmt":"2020-03-03T11:39:03","slug":"anlaegsaktiviteter","status":"publish","type":"page","link":"https:\/\/supercykelstier.dk\/english\/anlaegsaktiviteter\/","title":{"rendered":"Anl\u00e6gsaktiviteter"},"content":{"rendered":"<p>Supercykelstinettet best\u00e5r af otte indviede&nbsp;ruter, men vi er hele tiden i gang med at udvide rutenettet. Derfor vil pendlere af og til kunne opleve arbejde p\u00e5 og omkring kommende supercykelstier. Her p\u00e5 siden opdaterer vi l\u00f8bende, hvor der er arbejde i gang, og hvilke projekter der arbejdes med. Der er i alt planlagt 45 supercykelstier i Hovedstadsregionen.<\/p>","protected":false},"excerpt":{"rendered":"<p>Supercykelstinettet best\u00e5r af otte indviede&nbsp;ruter, men vi er hele tiden i gang med at udvide rutenettet. Derfor vil pendlere af og til kunne opleve arbejde p\u00e5 og omkring kommende supercykelstier. Her p\u00e5 siden opdaterer vi l\u00f8bende, hvor der er arbejde i gang, og hvilke projekter der arbejdes med. Der er i alt planlagt 45 supercykelstier [&hellip;]<\/p>","protected":false},"author":2,"featured_media":0,"parent":0,"menu_order":0,"comment_status":"closed","ping_status":"closed","template":"page-news.php","meta":{"_acf_changed":false,"_relevanssi_hide_post":"","_relevanssi_hide_content":"","_relevanssi_pin_for_all":"","_relevanssi_pin_keywords":"","_relevanssi_unpin_keywords":"","_relevanssi_related_keywords":"","_relevanssi_related_include_ids":"","_relevanssi_related_exclude_ids":"","_relevanssi_related_no_append":"","_relevanssi_related_not_related":"","_relevanssi_related_posts":"","_relevanssi_noindex_reason":"","editor_notices":[],"footnotes":""},"class_list":["post-1856","page","type-page","status-publish","hentry"],"acf":[],"yoast_head":"<!-- This site is optimized with the Yoast SEO plugin v27.3 - https:\/\/yoast.com\/product\/yoast-seo-wordpress\/ -->\n<title>Anl\u00e6gsaktiviteter - Cycle Superhighways<\/title>\n<meta name=\"description\" content=\"Hvad sker der p\u00e5 din supercykelsti? Hold dig opdateret om det seneste nye, anl\u00e6g og planer for supercykelstierne i dit omr\u00e5de.\" \/>\n<meta name=\"robots\" content=\"index, follow, max-snippet:-1, max-image-preview:large, max-video-preview:-1\" \/>\n<link rel=\"canonical\" href=\"https:\/\/supercykelstier.dk\/english\/anlaegsaktiviteter\/\" \/>\n<meta property=\"og:locale\" content=\"en_US\" \/>\n<meta property=\"og:type\" content=\"article\" \/>\n<meta property=\"og:title\" content=\"Anl\u00e6gsaktiviteter - Cycle Superhighways\" \/>\n<meta property=\"og:description\" content=\"Hvad sker der p\u00e5 din supercykelsti? Hold dig opdateret om det seneste nye, anl\u00e6g og planer for supercykelstierne i dit omr\u00e5de.\" \/>\n<meta property=\"og:url\" content=\"https:\/\/supercykelstier.dk\/english\/anlaegsaktiviteter\/\" \/>\n<meta property=\"og:site_name\" content=\"Cycle Superhighways\" \/>\n<meta property=\"article:modified_time\" content=\"2020-03-03T11:39:03+00:00\" \/>\n<meta name=\"twitter:card\" content=\"summary_large_image\" \/>\n<script type=\"application\/ld+json\" class=\"yoast-schema-graph\">{\"@context\":\"https:\\\/\\\/schema.org\",\"@graph\":[{\"@type\":\"WebPage\",\"@id\":\"https:\\\/\\\/supercykelstier.dk\\\/english\\\/anlaegsaktiviteter\\\/\",\"url\":\"https:\\\/\\\/supercykelstier.dk\\\/english\\\/anlaegsaktiviteter\\\/\",\"name\":\"Anl\u00e6gsaktiviteter - Cycle Superhighways\",\"isPartOf\":{\"@id\":\"https:\\\/\\\/supercykelstier.dk\\\/english\\\/#website\"},\"datePublished\":\"2017-01-03T10:11:33+00:00\",\"dateModified\":\"2020-03-03T11:39:03+00:00\",\"description\":\"Hvad sker der p\u00e5 din supercykelsti? Hold dig opdateret om det seneste nye, anl\u00e6g og planer for supercykelstierne i dit omr\u00e5de.\",\"breadcrumb\":{\"@id\":\"https:\\\/\\\/supercykelstier.dk\\\/english\\\/anlaegsaktiviteter\\\/#breadcrumb\"},\"inLanguage\":\"en-US\",\"potentialAction\":[{\"@type\":\"ReadAction\",\"target\":[\"https:\\\/\\\/supercykelstier.dk\\\/english\\\/anlaegsaktiviteter\\\/\"]}]},{\"@type\":\"BreadcrumbList\",\"@id\":\"https:\\\/\\\/supercykelstier.dk\\\/english\\\/anlaegsaktiviteter\\\/#breadcrumb\",\"itemListElement\":[{\"@type\":\"ListItem\",\"position\":1,\"name\":\"Hjem\",\"item\":\"https:\\\/\\\/supercykelstier.dk\\\/english\\\/\"},{\"@type\":\"ListItem\",\"position\":2,\"name\":\"Anl\u00e6gsaktiviteter\"}]},{\"@type\":\"WebSite\",\"@id\":\"https:\\\/\\\/supercykelstier.dk\\\/english\\\/#website\",\"url\":\"https:\\\/\\\/supercykelstier.dk\\\/english\\\/\",\"name\":\"Cycle Superhighways\",\"description\":\"skaber bedre forhold for dig, der tager cyklen til arbejde\",\"publisher\":{\"@id\":\"https:\\\/\\\/supercykelstier.dk\\\/english\\\/#organization\"},\"potentialAction\":[{\"@type\":\"SearchAction\",\"target\":{\"@type\":\"EntryPoint\",\"urlTemplate\":\"https:\\\/\\\/supercykelstier.dk\\\/english\\\/?s={search_term_string}\"},\"query-input\":{\"@type\":\"PropertyValueSpecification\",\"valueRequired\":true,\"valueName\":\"search_term_string\"}}],\"inLanguage\":\"en-US\"},{\"@type\":\"Organization\",\"@id\":\"https:\\\/\\\/supercykelstier.dk\\\/english\\\/#organization\",\"name\":\"Cycle Superhighways\",\"url\":\"https:\\\/\\\/supercykelstier.dk\\\/english\\\/\",\"logo\":{\"@type\":\"ImageObject\",\"inLanguage\":\"en-US\",\"@id\":\"https:\\\/\\\/supercykelstier.dk\\\/english\\\/#\\\/schema\\\/logo\\\/image\\\/\",\"url\":\"https:\\\/\\\/supercykelstier.dk\\\/english\\\/wp-content\\\/uploads\\\/sites\\\/3\\\/2024\\\/07\\\/Engelsk-logo.png\",\"contentUrl\":\"https:\\\/\\\/supercykelstier.dk\\\/english\\\/wp-content\\\/uploads\\\/sites\\\/3\\\/2024\\\/07\\\/Engelsk-logo.png\",\"width\":531,\"height\":131,\"caption\":\"Cycle Superhighways\"},\"image\":{\"@id\":\"https:\\\/\\\/supercykelstier.dk\\\/english\\\/#\\\/schema\\\/logo\\\/image\\\/\"}}]}<\/script>\n<!-- \/ Yoast SEO plugin. -->","yoast_head_json":{"title":"Anl\u00e6gsaktiviteter - Cycle Superhighways","description":"Hvad sker der p\u00e5 din supercykelsti? Hold dig opdateret om det seneste nye, anl\u00e6g og planer for supercykelstierne i dit omr\u00e5de.","robots":{"index":"index","follow":"follow","max-snippet":"max-snippet:-1","max-image-preview":"max-image-preview:large","max-video-preview":"max-video-preview:-1"},"canonical":"https:\/\/supercykelstier.dk\/english\/anlaegsaktiviteter\/","og_locale":"en_US","og_type":"article","og_title":"Anl\u00e6gsaktiviteter - Cycle Superhighways","og_description":"Hvad sker der p\u00e5 din supercykelsti? Hold dig opdateret om det seneste nye, anl\u00e6g og planer for supercykelstierne i dit omr\u00e5de.","og_url":"https:\/\/supercykelstier.dk\/english\/anlaegsaktiviteter\/","og_site_name":"Cycle Superhighways","article_modified_time":"2020-03-03T11:39:03+00:00","twitter_card":"summary_large_image","schema":{"@context":"https:\/\/schema.org","@graph":[{"@type":"WebPage","@id":"https:\/\/supercykelstier.dk\/english\/anlaegsaktiviteter\/","url":"https:\/\/supercykelstier.dk\/english\/anlaegsaktiviteter\/","name":"Anl\u00e6gsaktiviteter - Cycle Superhighways","isPartOf":{"@id":"https:\/\/supercykelstier.dk\/english\/#website"},"datePublished":"2017-01-03T10:11:33+00:00","dateModified":"2020-03-03T11:39:03+00:00","description":"Hvad sker der p\u00e5 din supercykelsti? Hold dig opdateret om det seneste nye, anl\u00e6g og planer for supercykelstierne i dit omr\u00e5de.","breadcrumb":{"@id":"https:\/\/supercykelstier.dk\/english\/anlaegsaktiviteter\/#breadcrumb"},"inLanguage":"en-US","potentialAction":[{"@type":"ReadAction","target":["https:\/\/supercykelstier.dk\/english\/anlaegsaktiviteter\/"]}]},{"@type":"BreadcrumbList","@id":"https:\/\/supercykelstier.dk\/english\/anlaegsaktiviteter\/#breadcrumb","itemListElement":[{"@type":"ListItem","position":1,"name":"Hjem","item":"https:\/\/supercykelstier.dk\/english\/"},{"@type":"ListItem","position":2,"name":"Anl\u00e6gsaktiviteter"}]},{"@type":"WebSite","@id":"https:\/\/supercykelstier.dk\/english\/#website","url":"https:\/\/supercykelstier.dk\/english\/","name":"Cycle Superhighways","description":"skaber bedre forhold for dig, der tager cyklen til arbejde","publisher":{"@id":"https:\/\/supercykelstier.dk\/english\/#organization"},"potentialAction":[{"@type":"SearchAction","target":{"@type":"EntryPoint","urlTemplate":"https:\/\/supercykelstier.dk\/english\/?s={search_term_string}"},"query-input":{"@type":"PropertyValueSpecification","valueRequired":true,"valueName":"search_term_string"}}],"inLanguage":"en-US"},{"@type":"Organization","@id":"https:\/\/supercykelstier.dk\/english\/#organization","name":"Cycle Superhighways","url":"https:\/\/supercykelstier.dk\/english\/","logo":{"@type":"ImageObject","inLanguage":"en-US","@id":"https:\/\/supercykelstier.dk\/english\/#\/schema\/logo\/image\/","url":"https:\/\/supercykelstier.dk\/english\/wp-content\/uploads\/sites\/3\/2024\/07\/Engelsk-logo.png","contentUrl":"https:\/\/supercykelstier.dk\/english\/wp-content\/uploads\/sites\/3\/2024\/07\/Engelsk-logo.png","width":531,"height":131,"caption":"Cycle Superhighways"},"image":{"@id":"https:\/\/supercykelstier.dk\/english\/#\/schema\/logo\/image\/"}}]}},"_links":{"self":[{"href":"https:\/\/supercykelstier.dk\/english\/wp-json\/wp\/v2\/pages\/1856","targetHints":{"allow":["GET"]}}],"collection":[{"href":"https:\/\/supercykelstier.dk\/english\/wp-json\/wp\/v2\/pages"}],"about":[{"href":"https:\/\/supercykelstier.dk\/english\/wp-json\/wp\/v2\/types\/page"}],"author":[{"embeddable":true,"href":"https:\/\/supercykelstier.dk\/english\/wp-json\/wp\/v2\/users\/2"}],"replies":[{"embeddable":true,"href":"https:\/\/supercykelstier.dk\/english\/wp-json\/wp\/v2\/comments?post=1856"}],"version-history":[{"count":0,"href":"https:\/\/supercykelstier.dk\/english\/wp-json\/wp\/v2\/pages\/1856\/revisions"}],"wp:attachment":[{"href":"https:\/\/supercykelstier.dk\/english\/wp-json\/wp\/v2\/media?parent=1856"}],"curies":[{"name":"wp","href":"https:\/\/api.w.org\/{rel}","templated":true}]}}